{"id":80235,"date":"2026-04-14T21:48:25","date_gmt":"2026-04-14T19:48:25","guid":{"rendered":"https:\/\/www.velopa.ch\/confirmation-entretien-conseil-bea\/"},"modified":"2026-04-14T21:54:52","modified_gmt":"2026-04-14T19:54:52","slug":"confirmation-entretien-conseil-bea","status":"publish","type":"page","link":"https:\/\/www.velopa.ch\/fr\/confirmation-entretien-conseil-bea-2026\/","title":{"rendered":"Confirmation entretien-conseil BEA"},"content":{"rendered":"<p>[et_pb_section fb_built=\u201c1\u201d admin_label=\u201csection\u201d _builder_version=\u201c4.16\u201d global_colors_info=\u201d{}\u201d][et_pb_row admin_label=\u201crow\u201d _builder_version=\u201c4.16\u201d background_size=\u201cinitial\u201d background_position=\u201ctop_left\u201d background_repeat=\u201crepeat\u201d custom_padding=\u201d|0px|0px|0px||\u201d global_colors_info=\u201d{}\u201d][et_pb_column type=\u201c4_4\u201d _builder_version=\u201c4.16\u201d custom_padding=\u201d|||\u201d global_colors_info=\u201d{}\u201d custom_padding__hover=\u201d|||\u201d][et_pb_text _builder_version=\u201c4.27.6\u201d _module_preset=\u201cdefault\u201d header_4_font=\u201d|300|||||||\u201d header_4_line_height=\u201c1.2em\u201d global_colors_info=\u201d{}\u201d]<\/p>\n<h4 style=\"text-align: center;\"><span style=\"font-size: medium;\">Nous vous remercions pour votre commande de billets et pour la prise de rendez-vous avec l\u2019un de nos experts en abris \u00e0 v\u00e9los au salon BEA 2026. <\/span><\/h4>\n<h4 style=\"text-align: center;\"><span style=\"font-size: medium;\">Vous recevrez la confirmation et vos billets par e-mail prochainement.<\/span><\/h4>\n<p><\/p>\n<h4 style=\"text-align: center;\"><strong><span style=\"font-size: medium;\">Nous nous r\u00e9jouissons de vous accueillir <\/span><\/strong><span style=\"font-size: medium;\">dans dans l\u2019espace plein air du salon BEA, au stand F5 005.<\/span><\/h4>\n<p><\/p>\n<h4 style=\"text-align: center;\"><span style=\"font-size: medium;\">Meilleures salutations,<br><\/span>&nbsp;<\/h4>\n<h4 style=\"text-align: center;\"><span style=\"font-size: medium;\">L'\u00e9quipe Velopa<\/span><\/h4>\n<p>[\/et_pb_text][et_pb_image src=\u201chttps:\/\/www.velopa.ch\/wp-content\/uploads\/2026\/03\/BEA_2026_mit_Datum_rot.png\u201d alt=\u201cLogo <span class=\"caps\">BEA<\/span>\u201d align=\u201ccenter\u201d src_tablet=\u201chttps:\/\/www.velopa.ch\/wp-content\/uploads\/2026\/03\/BEA_2026_mit_Datum_rot.png\u201d src_phone=\u201chttps:\/\/www.velopa.ch\/wp-content\/uploads\/2026\/03\/BEA_2026_mit_Datum_rot.png\u201d src_last_edited=\u201con|phone\u201d align_tablet=\u201ccenter\u201d align_phone=\u201ccenter\u201d align_last_edited=\u201con|phone\u201d disabled_on=\u201coff|off|off\u201d _builder_version=\u201c4.27.6\u201d _module_preset=\u201cdefault\u201d width=\u201c100%\u201d max_width=\u201c28%\u201d max_width_tablet=\u201c52%\u201d max_width_phone=\u201c72%\u201d max_width_last_edited=\u201con|phone\u201d module_alignment=\u201ccenter\u201d custom_margin=\u201c0px|1px||||\u201d custom_margin_tablet=\u201d|1px||||\u201d custom_margin_phone=\u201d|1px||||\u201d custom_margin_last_edited=\u201con|tablet\u201d custom_padding=\u201c0px||||false|false\u201d module_alignment_last_edited=\u201coff|desktop\u201d global_colors_info=\u201d{}\u201d][\/et_pb_image][\/et_pb_column][\/et_pb_row][\/et_pb_section]<\/p>\n","protected":false},"excerpt":{"rendered":"<p>Nous vous remer\u00adci\u00adons pour votre com\u00admande de bil\u00adlets et pour la prise de ren\u00addez-vous avec l\u2019un de nos experts en abris \u00e0 v\u00e9los au salon <span class=\"caps\">BEA<\/span> 2026. Vous rece\u00adv\u00adrez la con\u00adfir\u00adma\u00adtion et vos bil\u00adlets par e\u2011mail pro\u00adchai\u00adne\u00adment.&nbsp;Nous nous r\u00e9jouis\u00adsons de vous accu\u00adeil\u00adlir dans dans l\u2019espace plein air du salon <span class=\"caps\">BEA<\/span>, au stand&nbsp;<span class=\"caps\">F5<\/span>&nbsp;[\u2026]<\/p>\n","protected":false},"author":39,"featured_media":0,"parent":0,"menu_order":0,"comment_status":"closed","ping_status":"closed","template":"","meta":{"_acf_changed":false,"_et_pb_use_builder":"on","_et_pb_old_content":"","_et_gb_content_width":"","wp_typography_post_enhancements_disabled":false,"footnotes":""},"class_list":["post-80235","page","type-page","status-publish","hentry"],"acf":[],"yoast_head":"<!-- This site is optimized with the Yoast SEO plugin v27.2 - https:\/\/yoast.com\/product\/yoast-seo-wordpress\/ -->\n<title>Confirmation entretien-conseil BEA - Velopa Schweiz<\/title>\n<meta name=\"robots\" content=\"index, follow, max-snippet:-1, max-image-preview:large, max-video-preview:-1\" \/>\n<link rel=\"canonical\" href=\"https:\/\/www.velopa.ch\/fr\/confirmation-entretien-conseil-bea-2026\/\" \/>\n<meta property=\"og:locale\" content=\"fr_FR\" \/>\n<meta property=\"og:type\" content=\"article\" \/>\n<meta property=\"og:title\" content=\"Confirmation entretien-conseil BEA - Velopa Schweiz\" \/>\n<meta property=\"og:description\" content=\"Nous vous remercions pour votre commande de billets et pour la prise de rendez-vous avec l\u2019un de nos experts en abris \u00e0 v\u00e9los au salon BEA 2026. Vous recevrez la confirmation et vos billets par e-mail prochainement. &nbsp; Nous nous r\u00e9jouissons de vous accueillir dans dans l\u2019espace plein air du salon BEA, au stand F5 [&hellip;]\" \/>\n<meta property=\"og:url\" content=\"https:\/\/www.velopa.ch\/fr\/confirmation-entretien-conseil-bea-2026\/\" \/>\n<meta property=\"og:site_name\" content=\"Velopa Schweiz\" \/>\n<meta property=\"article:modified_time\" content=\"2026-04-14T19:54:52+00:00\" \/>\n<meta name=\"twitter:card\" content=\"summary_large_image\" \/>\n<meta name=\"twitter:label1\" content=\"Dur\u00e9e de lecture estim\u00e9e\" \/>\n\t<meta name=\"twitter:data1\" content=\"1 minute\" \/>\n<script type=\"application\/ld+json\" class=\"yoast-schema-graph\">{\"@context\":\"https:\/\/schema.org\",\"@graph\":[{\"@type\":\"WebPage\",\"@id\":\"https:\/\/www.velopa.ch\/fr\/confirmation-entretien-conseil-bea-2026\/\",\"url\":\"https:\/\/www.velopa.ch\/fr\/confirmation-entretien-conseil-bea-2026\/\",\"name\":\"Confirmation entretien-conseil BEA - Velopa Schweiz\",\"isPartOf\":{\"@id\":\"https:\/\/www.velopa.ch\/fr\/#website\"},\"datePublished\":\"2026-04-14T19:48:25+00:00\",\"dateModified\":\"2026-04-14T19:54:52+00:00\",\"breadcrumb\":{\"@id\":\"https:\/\/www.velopa.ch\/fr\/confirmation-entretien-conseil-bea-2026\/#breadcrumb\"},\"inLanguage\":\"fr-FR\",\"potentialAction\":[{\"@type\":\"ReadAction\",\"target\":[\"https:\/\/www.velopa.ch\/fr\/confirmation-entretien-conseil-bea-2026\/\"]}]},{\"@type\":\"BreadcrumbList\",\"@id\":\"https:\/\/www.velopa.ch\/fr\/confirmation-entretien-conseil-bea-2026\/#breadcrumb\",\"itemListElement\":[{\"@type\":\"ListItem\",\"position\":1,\"name\":\"Home\",\"item\":\"https:\/\/www.velopa.ch\/fr\/homepage\/\"},{\"@type\":\"ListItem\",\"position\":2,\"name\":\"Confirmation entretien-conseil BEA\"}]},{\"@type\":\"WebSite\",\"@id\":\"https:\/\/www.velopa.ch\/fr\/#website\",\"url\":\"https:\/\/www.velopa.ch\/fr\/\",\"name\":\"Velopa Schweiz\",\"description\":\"Professionelle Veloparkier- , \u00dcberdachungs- und Absperrsysteme\",\"potentialAction\":[{\"@type\":\"SearchAction\",\"target\":{\"@type\":\"EntryPoint\",\"urlTemplate\":\"https:\/\/www.velopa.ch\/fr\/?s={search_term_string}\"},\"query-input\":{\"@type\":\"PropertyValueSpecification\",\"valueRequired\":true,\"valueName\":\"search_term_string\"}}],\"inLanguage\":\"fr-FR\"}]}<\/script>\n<!-- \/ Yoast SEO plugin. -->","yoast_head_json":{"title":"Confirmation entretien-conseil BEA - Velopa Schweiz","robots":{"index":"index","follow":"follow","max-snippet":"max-snippet:-1","max-image-preview":"max-image-preview:large","max-video-preview":"max-video-preview:-1"},"canonical":"https:\/\/www.velopa.ch\/fr\/confirmation-entretien-conseil-bea-2026\/","og_locale":"fr_FR","og_type":"article","og_title":"Confirmation entretien-conseil BEA - Velopa Schweiz","og_description":"Nous vous remercions pour votre commande de billets et pour la prise de rendez-vous avec l\u2019un de nos experts en abris \u00e0 v\u00e9los au salon BEA 2026. Vous recevrez la confirmation et vos billets par e-mail prochainement. &nbsp; Nous nous r\u00e9jouissons de vous accueillir dans dans l\u2019espace plein air du salon BEA, au stand F5 [&hellip;]","og_url":"https:\/\/www.velopa.ch\/fr\/confirmation-entretien-conseil-bea-2026\/","og_site_name":"Velopa Schweiz","article_modified_time":"2026-04-14T19:54:52+00:00","twitter_card":"summary_large_image","twitter_misc":{"Dur\u00e9e de lecture estim\u00e9e":"1 minute"},"schema":{"@context":"https:\/\/schema.org","@graph":[{"@type":"WebPage","@id":"https:\/\/www.velopa.ch\/fr\/confirmation-entretien-conseil-bea-2026\/","url":"https:\/\/www.velopa.ch\/fr\/confirmation-entretien-conseil-bea-2026\/","name":"Confirmation entretien-conseil BEA - Velopa Schweiz","isPartOf":{"@id":"https:\/\/www.velopa.ch\/fr\/#website"},"datePublished":"2026-04-14T19:48:25+00:00","dateModified":"2026-04-14T19:54:52+00:00","breadcrumb":{"@id":"https:\/\/www.velopa.ch\/fr\/confirmation-entretien-conseil-bea-2026\/#breadcrumb"},"inLanguage":"fr-FR","potentialAction":[{"@type":"ReadAction","target":["https:\/\/www.velopa.ch\/fr\/confirmation-entretien-conseil-bea-2026\/"]}]},{"@type":"BreadcrumbList","@id":"https:\/\/www.velopa.ch\/fr\/confirmation-entretien-conseil-bea-2026\/#breadcrumb","itemListElement":[{"@type":"ListItem","position":1,"name":"Home","item":"https:\/\/www.velopa.ch\/fr\/homepage\/"},{"@type":"ListItem","position":2,"name":"Confirmation entretien-conseil BEA"}]},{"@type":"WebSite","@id":"https:\/\/www.velopa.ch\/fr\/#website","url":"https:\/\/www.velopa.ch\/fr\/","name":"Velopa Schweiz","description":"Professionelle Veloparkier- , \u00dcberdachungs- und Absperrsysteme","potentialAction":[{"@type":"SearchAction","target":{"@type":"EntryPoint","urlTemplate":"https:\/\/www.velopa.ch\/fr\/?s={search_term_string}"},"query-input":{"@type":"PropertyValueSpecification","valueRequired":true,"valueName":"search_term_string"}}],"inLanguage":"fr-FR"}]}},"_links":{"self":[{"href":"https:\/\/www.velopa.ch\/fr\/wp-json\/wp\/v2\/pages\/80235","targetHints":{"allow":["GET"]}}],"collection":[{"href":"https:\/\/www.velopa.ch\/fr\/wp-json\/wp\/v2\/pages"}],"about":[{"href":"https:\/\/www.velopa.ch\/fr\/wp-json\/wp\/v2\/types\/page"}],"author":[{"embeddable":true,"href":"https:\/\/www.velopa.ch\/fr\/wp-json\/wp\/v2\/users\/39"}],"replies":[{"embeddable":true,"href":"https:\/\/www.velopa.ch\/fr\/wp-json\/wp\/v2\/comments?post=80235"}],"version-history":[{"count":3,"href":"https:\/\/www.velopa.ch\/fr\/wp-json\/wp\/v2\/pages\/80235\/revisions"}],"predecessor-version":[{"id":80242,"href":"https:\/\/www.velopa.ch\/fr\/wp-json\/wp\/v2\/pages\/80235\/revisions\/80242"}],"wp:attachment":[{"href":"https:\/\/www.velopa.ch\/fr\/wp-json\/wp\/v2\/media?parent=80235"}],"curies":[{"name":"wp","href":"https:\/\/api.w.org\/{rel}","templated":true}]}}