{"id":15960,"date":"2017-07-10T17:41:03","date_gmt":"2017-07-10T17:41:03","guid":{"rendered":"https:\/\/www.velopa.ch\/?page_id=15960"},"modified":"2018-12-03T11:15:54","modified_gmt":"2018-12-03T11:15:54","slug":"contact-home","status":"publish","type":"page","link":"https:\/\/www.velopa.ch\/fr\/contact-home\/","title":{"rendered":"Contact Home"},"content":{"rendered":"<p>[et_pb_section bb_built=\u201c1\u201d admin_label=\u201csection\u201d custom_padding=\u201c28px|0px|14px|0px\u201d custom_padding_last_edited=\u201con|tablet\u201d next_background_color=\u201c#000000\u201d][et_pb_row admin_label=\u201crow\u201d custom_padding=\u201c0px|0px|0px|0px\u201d column_padding_mobile=\u201con\u201d custom_padding_last_edited=\u201con|phone\u201d custom_margin_tablet=\u201d|||\u201d custom_margin_last_edited=\u201con|tablet\u201d background_position=\u201ctop_left\u201d background_repeat=\u201crepeat\u201d background_size=\u201cinitial\u201d][et_pb_column type=\u201c4_4\u201d][et_pb_image admin_label=\u201cBild\u201d src=\u201chttps:\/\/www.velopa.ch\/wp-content\/uploads\/2017\/06\/persoenliche-beratung-danke.jpg\u201d animation=\u201coff\u201d custom_margin=\u201c0px|0px|0px|0px\u201d custom_margin_last_edited=\u201con|phone\u201d custom_css_main_element=\u201cborder: 1px solid #eaeaea;\u201d animation_style=\u201cnone\u201d animation_duration=\u201c1000ms\u201d animation_intensity_slide=\u201c50%\u201d show_bottom_space=\u201con\u201d \/][\/et_pb_column][\/et_pb_row][\/et_pb_section][et_pb_section bb_built=\u201c1\u201d admin_label=\u201csection\u201d custom_padding=\u201c14px||14px|\u201d custom_padding_last_edited=\u201con|phone\u201d transparent_background=\u201coff\u201d allow_player_pause=\u201coff\u201d inner_shadow=\u201coff\u201d parallax=\u201coff\u201d parallax_method=\u201con\u201d make_fullwidth=\u201coff\u201d use_custom_width=\u201coff\u201d width_unit=\u201con\u201d make_equal=\u201coff\u201d use_custom_gutter=\u201coff\u201d prev_background_color=\u201d#ffffff\u201d next_background_color=\u201d#ffffff\u201d][et_pb_row admin_label=\u201crow\u201d custom_padding=\u201c30px|50px|40px|50px\u201d custom_padding_phone=\u201d|25px||25px\u201d column_padding_mobile=\u201con\u201d custom_padding_last_edited=\u201con|phone\u201d custom_margin_last_edited=\u201con|desktop\u201d custom_css_main_element=\u201cborder: 1px solid #eaeaea;\u201d background_position=\u201ctop_left\u201d background_repeat=\u201crepeat\u201d background_size=\u201cinitial\u201d][et_pb_column type=\u201c4_4\u201d][et_pb_text custom_margin_phone=\u201d|30px||30px\u201d background_layout=\u201clight\u201d text_orientation=\u201cleft\u201d use_border_color=\u201coff\u201d border_color=\u201d#ffffff\u201d border_style=\u201csolid\u201d background_position=\u201ctop_left\u201d background_repeat=\u201crepeat\u201d background_size=\u201cinitial\u201d]<\/p>\n<h1 style=\"padding-bottom: 0px; background-color: #ffffff; color: #052433; font-weight: 500; line-height: 1.2em; font-family: CamphorStd-Bold, Helvetica, Arial, sans-serif !important; text-align: center;\">Avez-vous des questions concernant le produit ?<\/h1>\n<p>[\/et_pb_text][\/et_pb_column][\/et_pb_row][\/et_pb_section][et_pb_section bb_built=\u201c1\u201d admin_label=\u201csection\u201d custom_padding=\u201c14px||14px|\u201d padding_mobile=\u201coff\u201d module_id=\u201cow_fix_height_399\u201d transparent_background=\u201coff\u201d allow_player_pause=\u201coff\u201d inner_shadow=\u201coff\u201d parallax=\u201coff\u201d parallax_method=\u201con\u201d make_fullwidth=\u201coff\u201d use_custom_width=\u201coff\u201d width_unit=\u201con\u201d make_equal=\u201coff\u201d use_custom_gutter=\u201coff\u201d custom_padding_tablet=\u201c50px|0|50px|0\u201d custom_padding_last_edited=\u201con|desktop\u201d prev_background_color=\u201d#ffffff\u201d next_background_color=\u201d#ffffff\u201d][et_pb_row admin_label=\u201crow\u201d custom_padding=\u201c0px|0px|0px|0px\u201d padding_mobile=\u201coff\u201d column_padding_mobile=\u201con\u201d allow_player_pause=\u201coff\u201d parallax=\u201coff\u201d parallax_method=\u201con\u201d parallax_1=\u201coff\u201d parallax_method_1=\u201coff\u201d parallax_2=\u201coff\u201d parallax_method_2=\u201coff\u201d make_fullwidth=\u201coff\u201d use_custom_width=\u201coff\u201d width_unit=\u201con\u201d use_custom_gutter=\u201coff\u201d make_equal=\u201coff\u201d module_class_1=\u201cow_remove_bottom_margin\u201d background_position=\u201ctop_left\u201d background_repeat=\u201crepeat\u201d background_size=\u201cinitial\u201d][et_pb_column type=\u201c1_3\u201d][et_pb_blurb title=\u201cVelopa <span class=\"caps\">AG<\/span>\u201d image=\u201chttps:\/\/www.velopa.ch\/wp-content\/uploads\/2016\/12\/iconnew.png\u201d animation=\u201coff\u201d text_orientation=\u201ccenter\u201d header_font_size=\u201c17\u201d background_color=\u201d#eaeaea\u201d custom_padding=\u201c30px|30px|15px|30px\u201d url_new_window=\u201coff\u201d use_icon=\u201coff\u201d icon_color=\u201d#514f4f\u201d use_circle=\u201coff\u201d circle_color=\u201d#514f4f\u201d use_circle_border=\u201coff\u201d circle_border_color=\u201d#514f4f\u201d icon_placement=\u201ctop\u201d use_icon_font_size=\u201coff\u201d background_layout=\u201clight\u201d use_border_color=\u201coff\u201d border_color=\u201d#ffffff\u201d border_style=\u201csolid\u201d background_position=\u201ctop_left\u201d background_repeat=\u201crepeat\u201d background_size=\u201cinitial\u201d image_max_width=\u201c100%\u201d]<\/p>\n<p><\/p>\n<p style=\"text-align: center;\"><span style=\"font-family: camphorstd-regular;\">Wei\u00adden\u00adstrasse 92<\/span><br>\n<span style=\"font-family: camphorstd-regular;\"> 4143 Dornach<\/span><br>\n<span style=\"font-family: camphorstd-regular;\"><a href=\"http:\/\/Tel:+41 (61) 705 50&nbsp;80\"> +41 (61) 705 50&nbsp;80<\/a><span style=\"color: #052433; font-size: 15px; background-color: #eaeaea;\"><br>\n<\/span><a href=\"mailto:home@velopa.ch\" target=\"_blank\" rel=\"noopener\">home@velopa.ch<\/a><\/span><\/p>\n<p>[\/et_pb_blurb][\/et_pb_column][et_pb_column type=\u201c2_3\u201d][et_pb_map admin_label=\u201cMap Dor\u00adnach\u201d address=\u201cWeidenstrasse 92, 4143 Dor\u00adnach, Switz\u00ader\u00adland\u201d zoom_level=\u201c15\u201d address_lat=\u201c47.4795238\u201d address_lng=\u201c7.607388799999967\u201d mouse_wheel=\u201con\u201d mobile_dragging=\u201con\u201d use_grayscale_filter=\u201coff\u201d grayscale_filter_amount=\u201c0\u201d child_filter_saturate=\u201c100%\u201d][et_pb_map_pin title=\u201cVelopa <span class=\"caps\">AG<\/span>\u201d pin_address=\u201cWeidenstrasse 92, 4143 Dor\u00adnach, Switz\u00ader\u00adland\u201d pin_address_lat=\u201c47.4795238\u201d pin_address_lng=\u201c7.607388799999967\u201d]<\/p>\n<p><a href=\"https:\/\/goo.gl\/maps\/HhJePuNgAtx\" target=\"_blank\" rel=\"noopener\">Wei\u00adden\u00adstrasse 92 4143 Dornach<\/a><\/p>\n<p>[\/et_pb_map_pin][\/et_pb_map][\/et_pb_column][\/et_pb_row][\/et_pb_section][et_pb_section bb_built=\u201c1\u201d fullwidth=\u201coff\u201d specialty=\u201coff\u201d transparent_background=\u201coff\u201d allow_player_pause=\u201coff\u201d inner_shadow=\u201coff\u201d parallax=\u201coff\u201d parallax_method=\u201con\u201d make_fullwidth=\u201coff\u201d use_custom_width=\u201coff\u201d width_unit=\u201con\u201d make_equal=\u201coff\u201d use_custom_gutter=\u201coff\u201d module_id=\u201cow_fix_height_399\u201d prev_background_color=\u201d#ffffff\u201d next_background_color=\u201d#ffffff\u201d][et_pb_row allow_player_pause=\u201coff\u201d parallax=\u201coff\u201d parallax_method=\u201con\u201d parallax_1=\u201coff\u201d parallax_method_1=\u201coff\u201d parallax_2=\u201coff\u201d parallax_method_2=\u201coff\u201d make_fullwidth=\u201coff\u201d use_custom_width=\u201coff\u201d width_unit=\u201con\u201d use_custom_gutter=\u201coff\u201d make_equal=\u201coff\u201d module_class_1=\u201cow_mobile_insert_after\u201d module_class_2=\u201cow_mobile_insert_before ow_remove_bottom_margin\u201d background_position=\u201ctop_left\u201d background_repeat=\u201crepeat\u201d background_size=\u201cinitial\u201d][et_pb_column type=\u201c1_3\u201d][et_pb_blurb title=\u201cConseil per\u00adson\u00adna\u00adlis\u00e9\u201d animation=\u201coff\u201d text_orientation=\u201ccenter\u201d header_font_size=\u201c17px\u201d background_color=\u201d#eaeaea\u201d custom_margin_phone=\u201d|||\u201d custom_margin_last_edited=\u201con|phone\u201d custom_padding=\u201c30px|30px|49px|30px\u201d image=\u201chttps:\/\/www.velopa.ch\/wp-content\/uploads\/2017\/04\/persoenliche-beratung.png\u201d url_new_window=\u201coff\u201d use_icon=\u201coff\u201d icon_color=\u201d#514f4f\u201d use_circle=\u201coff\u201d circle_color=\u201d#514f4f\u201d use_circle_border=\u201coff\u201d circle_border_color=\u201d#514f4f\u201d icon_placement=\u201ctop\u201d use_icon_font_size=\u201coff\u201d background_layout=\u201clight\u201d use_border_color=\u201coff\u201d border_color=\u201d#ffffff\u201d border_style=\u201csolid\u201d background_position=\u201ctop_left\u201d background_repeat=\u201crepeat\u201d background_size=\u201cinitial\u201d image_max_width=\u201c101px\u201d]<\/p>\n<p><\/p>\n<p class style=\"text-align: center;\">Nous vous pr\u00e9\u00adsen\u00adtons les nombreu\u00adses pos\u00adsi\u00adbi\u00adli\u00adt\u00e9s et les dif\u00adf\u00e9\u00adren\u00adtes ver\u00adsi\u00adons de nos pro\u00adduits direc\u00adte\u00adment sur site ou dans l\u2019une de nos sal\u00adles d\u2019exposition \u00e0 Dor\u00adnach, Sprei\u00adten\u00adbach ou Vil\u00adlars-Ste-Croix. Cont\u00adac\u00adtez-nous pour rece\u00advoir un con\u00adseil personnalis\u00e9.<\/p>\n<p>[\/et_pb_blurb][\/et_pb_column][et_pb_column type=\u201c2_3\u201d][et_pb_text use_border_color=\u201coff\u201d background_color=\u201c#b4b4b4\u201d custom_css_main_element=\u201cpadding-top: 20px; pad\u00adding-left: 20px; pad\u00adding-right: 20px; pad\u00adding-bot\u00adtom: 26px;\u201d background_position=\u201ctop_left\u201d background_repeat=\u201crepeat\u201d background_size=\u201cinitial\u201d _builder_version=\u201c3.17.6\u201d]<\/p>\n<form id=\"mktoForm_1849\"><\/form>\n<p><script>MktoForms2.loadForm(\"\/\/app-lon04.marketo.com\", \"925-AYZ-922\", 1849, function(form){\n\t\t\tvar referrer = document.referrer;\n\t\t\tif(referrer != \"\"){\n\t\t\t\tform.vals({ \"source\":referrer});\n\t\t\t\t console.log('ow-referrer-added');\n\t\t\t}\t\n\t});\n<\/script><\/p>\n<p>[\/et_pb_text][\/et_pb_column][\/et_pb_row][\/et_pb_section][et_pb_section bb_built=\u201c1\u201d admin_label=\u201csection\u201d custom_padding=\u201c60px|0px|60px|0px\u201d custom_padding_tablet=\u201c70px|||\u201d custom_padding_phone=\u201c110px|||\u201d module_id=\u201cow_fix_height_234\u201d custom_padding_last_edited=\u201con|tablet\u201d prev_background_color=\u201c#000000\u201d][et_pb_row admin_label=\u201crow\u201d custom_padding=\u201c0px|0px|0px|0px\u201d background_position=\u201ctop_left\u201d background_repeat=\u201crepeat\u201d background_size=\u201cinitial\u201d][et_pb_column type=\u201c1_4\u201d][et_pb_blurb admin_label=\u201cInformationstext\u201d title=\u201d\u25ba Solu\u00adti\u00adons\u201d image=\u201chttps:\/\/www.velopa.ch\/wp-content\/uploads\/2016\/12\/iconloesungen.png\u201d animation=\u201coff\u201d text_orientation=\u201ccenter\u201d module_class=\u201cow_clickable_box\u201d header_font_size=\u201c17px\u201d body_line_height=\u201c1em\u201d background_color=\u201d#eaeaea\u201d custom_padding=\u201c45px|25px|35px|25px\u201d custom_padding_tablet=\u201d||32px|\u201d custom_padding_last_edited=\u201con|tablet\u201d url_new_window=\u201coff\u201d use_icon=\u201coff\u201d icon_color=\u201d#514f4f\u201d use_circle=\u201coff\u201d circle_color=\u201d#514f4f\u201d use_circle_border=\u201coff\u201d circle_border_color=\u201d#514f4f\u201d icon_placement=\u201ctop\u201d use_icon_font_size=\u201coff\u201d background_layout=\u201clight\u201d use_border_color=\u201coff\u201d border_color=\u201d#ffffff\u201d border_style=\u201csolid\u201d background_position=\u201ctop_left\u201d background_repeat=\u201crepeat\u201d background_size=\u201cinitial\u201d image_max_width=\u201c101px\u201d]<\/p>\n<p><a href=\"https:\/\/www.velopa.ch\/fr\/solutions\/\">link<\/a><\/p>\n<p>[\/et_pb_blurb][\/et_pb_column][et_pb_column type=\u201c1_4\u201d][et_pb_blurb admin_label=\u201cInformationstext\u201d title=\u201d\u25ba Cont\u00adact\u201d image=\u201chttps:\/\/www.velopa.ch\/wp-content\/uploads\/2017\/04\/kontakt.png\u201d animation=\u201coff\u201d text_orientation=\u201ccenter\u201d module_class=\u201cow_clickable_box\u201d header_font_size=\u201c17px\u201d body_line_height=\u201c1em\u201d background_color=\u201d#eaeaea\u201d custom_padding=\u201c45px|25px|35px|25px\u201d custom_padding_tablet=\u201d||32px|\u201d custom_padding_last_edited=\u201con|phone\u201d url_new_window=\u201coff\u201d use_icon=\u201coff\u201d icon_color=\u201d#514f4f\u201d use_circle=\u201coff\u201d circle_color=\u201d#514f4f\u201d use_circle_border=\u201coff\u201d circle_border_color=\u201d#514f4f\u201d icon_placement=\u201ctop\u201d use_icon_font_size=\u201coff\u201d background_layout=\u201clight\u201d use_border_color=\u201coff\u201d border_color=\u201d#ffffff\u201d border_style=\u201csolid\u201d background_position=\u201ctop_left\u201d background_repeat=\u201crepeat\u201d background_size=\u201cinitial\u201d image_max_width=\u201c101px\u201d]<\/p>\n<p><a href=\"https:\/\/www.velopa.ch\/fr\/contact\/\">link<\/a><\/p>\n<p>[\/et_pb_blurb][\/et_pb_column][et_pb_column type=\u201c1_4\u201d][et_pb_blurb admin_label=\u201cInformationstext\u201d title=\u201d\u25ba Con\u00adseil per\u00adson\u00adna\u00adlis\u00e9\u201d image=\u201chttps:\/\/www.velopa.ch\/wp-content\/uploads\/2017\/04\/persoenliche-beratung.png\u201d animation=\u201coff\u201d text_orientation=\u201ccenter\u201d module_class=\u201cow_clickable_box\u201d header_font_size=\u201c17px\u201d body_line_height=\u201c1em\u201d background_color=\u201d#eaeaea\u201d custom_padding=\u201c45px|25px|35px|25px\u201d custom_padding_tablet=\u201d||32px|\u201d custom_padding_last_edited=\u201con|phone\u201d url_new_window=\u201coff\u201d use_icon=\u201coff\u201d icon_color=\u201d#514f4f\u201d use_circle=\u201coff\u201d circle_color=\u201d#514f4f\u201d use_circle_border=\u201coff\u201d circle_border_color=\u201d#514f4f\u201d icon_placement=\u201ctop\u201d use_icon_font_size=\u201coff\u201d background_layout=\u201clight\u201d use_border_color=\u201coff\u201d border_color=\u201d#ffffff\u201d border_style=\u201csolid\u201d background_position=\u201ctop_left\u201d background_repeat=\u201crepeat\u201d background_size=\u201cinitial\u201d image_max_width=\u201c101px\u201d]<\/p>\n<p><a href=\"https:\/\/www.velopa.ch\/fr\/contact\/#conseil-personnalise\">link<\/a><\/p>\n<p>[\/et_pb_blurb][\/et_pb_column][et_pb_column type=\u201c1_4\u201d][et_pb_blurb admin_label=\u201cInformationstext\u201d title=\u201d\u25ba Cata\u00adlo\u00adgue\u201d image=\u201chttps:\/\/www.velopa.ch\/wp-content\/uploads\/2017\/04\/katalog.png\u201d animation=\u201coff\u201d text_orientation=\u201ccenter\u201d module_class=\u201cow_clickable_box\u201d header_font_size=\u201c17px\u201d body_line_height=\u201c1em\u201d background_color=\u201d#eaeaea\u201d custom_padding=\u201c45px|25px|35px|25px\u201d custom_padding_tablet=\u201d||32px|\u201d custom_padding_last_edited=\u201con|phone\u201d url_new_window=\u201coff\u201d use_icon=\u201coff\u201d icon_color=\u201d#514f4f\u201d use_circle=\u201coff\u201d circle_color=\u201d#514f4f\u201d use_circle_border=\u201coff\u201d circle_border_color=\u201d#514f4f\u201d icon_placement=\u201ctop\u201d use_icon_font_size=\u201coff\u201d background_layout=\u201clight\u201d use_border_color=\u201coff\u201d border_color=\u201d#ffffff\u201d border_style=\u201csolid\u201d background_position=\u201ctop_left\u201d background_repeat=\u201crepeat\u201d background_size=\u201cinitial\u201d image_max_width=\u201c101px\u201d]<\/p>\n<p><a href=\"https:\/\/www.velopa.ch\/fr\/catalogue\/\">link<\/a><\/p>\n<p>[\/et_pb_blurb][\/et_pb_column][\/et_pb_row][\/et_pb_section]<\/p>\n","protected":false},"excerpt":{"rendered":"<p>Avez-vous des ques\u00adti\u00adons con\u00adcer\u00adnant le pro\u00adduit ?&nbsp;Wei\u00adden\u00adstrasse 92 4143 Dor\u00adnach +41 (61) 705 50&nbsp;80 home@velopa.ch Wei\u00adden\u00adstrasse 92 4143 Dor\u00adnach&nbsp;Nous vous pr\u00e9\u00adsen\u00adtons les nombreu\u00adses pos\u00adsi\u00adbi\u00adli\u00adt\u00e9s et les dif\u00adf\u00e9\u00adren\u00adtes ver\u00adsi\u00adons de nos pro\u00adduits direc\u00adte\u00adment sur site ou dans l\u2019une de nos sal\u00adles d\u2019exposition \u00e0 Dor\u00adnach, Sprei\u00adten\u00adbach ou Vil\u00adlars-Ste-Croix. Cont\u00adac\u00adtez-nous pour rece\u00advoir un conseil&nbsp;[\u2026]<\/p>\n","protected":false},"author":2,"featured_media":0,"parent":0,"menu_order":0,"comment_status":"closed","ping_status":"closed","template":"","meta":{"_acf_changed":false,"_et_pb_use_builder":"on","_et_pb_old_content":"","_et_gb_content_width":"","wp_typography_post_enhancements_disabled":false,"footnotes":""},"class_list":["post-15960","page","type-page","status-publish","hentry"],"acf":[],"yoast_head":"<!-- This site is optimized with the Yoast SEO plugin v27.2 - https:\/\/yoast.com\/product\/yoast-seo-wordpress\/ -->\n<title>Contact Home - Velopa Suisse<\/title>\n<meta name=\"robots\" content=\"noindex, nofollow\" \/>\n<meta property=\"og:locale\" content=\"fr_FR\" \/>\n<meta property=\"og:type\" content=\"article\" \/>\n<meta property=\"og:title\" content=\"Contact Home - Velopa Suisse\" \/>\n<meta property=\"og:description\" content=\"Avez-vous des questions concernant le produit ? &nbsp; Weidenstrasse 92 4143 Dornach +41 (61) 705 50\u00a080 home@velopa.ch Weidenstrasse 92 4143 Dornach &nbsp; Nous vous pr\u00e9sentons les nombreuses possibilit\u00e9s et les diff\u00e9rentes versions de nos produits directement sur site ou dans l\u2019une de nos salles d\u2019exposition \u00e0 Dornach, Spreitenbach ou Villars-Ste-Croix. Contactez-nous pour recevoir un conseil [&hellip;]\" \/>\n<meta property=\"og:url\" content=\"https:\/\/www.velopa.ch\/fr\/contact-home\/\" \/>\n<meta property=\"og:site_name\" content=\"Velopa Suisse\" \/>\n<meta property=\"article:modified_time\" content=\"2018-12-03T11:15:54+00:00\" \/>\n<meta name=\"twitter:card\" content=\"summary_large_image\" \/>\n<meta name=\"twitter:label1\" content=\"Dur\u00e9e de lecture estim\u00e9e\" \/>\n\t<meta name=\"twitter:data1\" content=\"8 minutes\" \/>\n<script type=\"application\/ld+json\" class=\"yoast-schema-graph\">{\"@context\":\"https:\/\/schema.org\",\"@graph\":[{\"@type\":\"WebPage\",\"@id\":\"https:\/\/www.velopa.ch\/fr\/contact-home\/\",\"url\":\"https:\/\/www.velopa.ch\/fr\/contact-home\/\",\"name\":\"Contact Home - Velopa Suisse\",\"isPartOf\":{\"@id\":\"https:\/\/www.velopa.ch\/fr\/#website\"},\"datePublished\":\"2017-07-10T17:41:03+00:00\",\"dateModified\":\"2018-12-03T11:15:54+00:00\",\"breadcrumb\":{\"@id\":\"https:\/\/www.velopa.ch\/fr\/contact-home\/#breadcrumb\"},\"inLanguage\":\"fr-FR\",\"potentialAction\":[{\"@type\":\"ReadAction\",\"target\":[\"https:\/\/www.velopa.ch\/fr\/contact-home\/\"]}]},{\"@type\":\"BreadcrumbList\",\"@id\":\"https:\/\/www.velopa.ch\/fr\/contact-home\/#breadcrumb\",\"itemListElement\":[{\"@type\":\"ListItem\",\"position\":1,\"name\":\"Home\",\"item\":\"https:\/\/www.velopa.ch\/fr\/homepage\/\"},{\"@type\":\"ListItem\",\"position\":2,\"name\":\"Con\u00adtact&nbsp;Home\"}]},{\"@type\":\"WebSite\",\"@id\":\"https:\/\/www.velopa.ch\/fr\/#website\",\"url\":\"https:\/\/www.velopa.ch\/fr\/\",\"name\":\"Velopa Suisse\",\"description\":\"Professionelle Veloparkier- , \u00dcberdachungs- und Absperrsysteme\",\"potentialAction\":[{\"@type\":\"SearchAction\",\"target\":{\"@type\":\"EntryPoint\",\"urlTemplate\":\"https:\/\/www.velopa.ch\/fr\/?s={search_term_string}\"},\"query-input\":{\"@type\":\"PropertyValueSpecification\",\"valueRequired\":true,\"valueName\":\"search_term_string\"}}],\"inLanguage\":\"fr-FR\"}]}<\/script>\n<!-- \/ Yoast SEO plugin. -->","yoast_head_json":{"title":"Contact Home - Velopa Suisse","robots":{"index":"noindex","follow":"nofollow"},"og_locale":"fr_FR","og_type":"article","og_title":"Contact Home - Velopa Suisse","og_description":"Avez-vous des questions concernant le produit ? &nbsp; Weidenstrasse 92 4143 Dornach +41 (61) 705 50\u00a080 home@velopa.ch Weidenstrasse 92 4143 Dornach &nbsp; Nous vous pr\u00e9sentons les nombreuses possibilit\u00e9s et les diff\u00e9rentes versions de nos produits directement sur site ou dans l\u2019une de nos salles d\u2019exposition \u00e0 Dornach, Spreitenbach ou Villars-Ste-Croix. Contactez-nous pour recevoir un conseil [&hellip;]","og_url":"https:\/\/www.velopa.ch\/fr\/contact-home\/","og_site_name":"Velopa Suisse","article_modified_time":"2018-12-03T11:15:54+00:00","twitter_card":"summary_large_image","twitter_misc":{"Dur\u00e9e de lecture estim\u00e9e":"8 minutes"},"schema":{"@context":"https:\/\/schema.org","@graph":[{"@type":"WebPage","@id":"https:\/\/www.velopa.ch\/fr\/contact-home\/","url":"https:\/\/www.velopa.ch\/fr\/contact-home\/","name":"Contact Home - Velopa Suisse","isPartOf":{"@id":"https:\/\/www.velopa.ch\/fr\/#website"},"datePublished":"2017-07-10T17:41:03+00:00","dateModified":"2018-12-03T11:15:54+00:00","breadcrumb":{"@id":"https:\/\/www.velopa.ch\/fr\/contact-home\/#breadcrumb"},"inLanguage":"fr-FR","potentialAction":[{"@type":"ReadAction","target":["https:\/\/www.velopa.ch\/fr\/contact-home\/"]}]},{"@type":"BreadcrumbList","@id":"https:\/\/www.velopa.ch\/fr\/contact-home\/#breadcrumb","itemListElement":[{"@type":"ListItem","position":1,"name":"Home","item":"https:\/\/www.velopa.ch\/fr\/homepage\/"},{"@type":"ListItem","position":2,"name":"Con\u00adtact&nbsp;Home"}]},{"@type":"WebSite","@id":"https:\/\/www.velopa.ch\/fr\/#website","url":"https:\/\/www.velopa.ch\/fr\/","name":"Velopa Suisse","description":"Professionelle Veloparkier- , \u00dcberdachungs- und Absperrsysteme","potentialAction":[{"@type":"SearchAction","target":{"@type":"EntryPoint","urlTemplate":"https:\/\/www.velopa.ch\/fr\/?s={search_term_string}"},"query-input":{"@type":"PropertyValueSpecification","valueRequired":true,"valueName":"search_term_string"}}],"inLanguage":"fr-FR"}]}},"_links":{"self":[{"href":"https:\/\/www.velopa.ch\/fr\/wp-json\/wp\/v2\/pages\/15960","targetHints":{"allow":["GET"]}}],"collection":[{"href":"https:\/\/www.velopa.ch\/fr\/wp-json\/wp\/v2\/pages"}],"about":[{"href":"https:\/\/www.velopa.ch\/fr\/wp-json\/wp\/v2\/types\/page"}],"author":[{"embeddable":true,"href":"https:\/\/www.velopa.ch\/fr\/wp-json\/wp\/v2\/users\/2"}],"replies":[{"embeddable":true,"href":"https:\/\/www.velopa.ch\/fr\/wp-json\/wp\/v2\/comments?post=15960"}],"version-history":[{"count":2,"href":"https:\/\/www.velopa.ch\/fr\/wp-json\/wp\/v2\/pages\/15960\/revisions"}],"predecessor-version":[{"id":38077,"href":"https:\/\/www.velopa.ch\/fr\/wp-json\/wp\/v2\/pages\/15960\/revisions\/38077"}],"wp:attachment":[{"href":"https:\/\/www.velopa.ch\/fr\/wp-json\/wp\/v2\/media?parent=15960"}],"curies":[{"name":"wp","href":"https:\/\/api.w.org\/{rel}","templated":true}]}}