{"id":80228,"date":"2026-04-14T18:47:42","date_gmt":"2026-04-14T16:47:42","guid":{"rendered":"https:\/\/www.velopa.ch\/?page_id=80228"},"modified":"2026-04-15T12:12:47","modified_gmt":"2026-04-15T10:12:47","slug":"bestaetigung-beratungsgespraech-bea","status":"publish","type":"page","link":"https:\/\/www.velopa.ch\/de\/bea-2026-bestaetigung\/","title":{"rendered":"Best\u00e4tigung Beratungsgespr\u00e4ch BEA"},"content":{"rendered":"<p>[et_pb_section fb_built=\u201c1\u201d admin_label=\u201csection\u201d _builder_version=\u201c4.16\u201d global_colors_info=\u201d{}\u201d][et_pb_row admin_label=\u201crow\u201d _builder_version=\u201c4.16\u201d background_size=\u201cinitial\u201d background_position=\u201ctop_left\u201d background_repeat=\u201crepeat\u201d custom_padding=\u201d|0px|0px|0px||\u201d global_colors_info=\u201d{}\u201d][et_pb_column type=\u201c4_4\u201d _builder_version=\u201c4.16\u201d custom_padding=\u201d|||\u201d global_colors_info=\u201d{}\u201d custom_padding__hover=\u201d|||\u201d][et_pb_text _builder_version=\u201c4.27.6\u201d _module_preset=\u201cdefault\u201d header_4_font=\u201d|300|||||||\u201d header_4_line_height=\u201c1.2em\u201d global_colors_info=\u201d{}\u201d]<\/p>\n<h4 style=\"text-align: center;\"><span style=\"font-size: medium;\">Herzlichen Dank f\u00fcr Ihre Ticketbestellung und die Terminbuchung f\u00fcr die BEA 2026. <\/span><\/h4>\n<h4 style=\"text-align: center;\"><span style=\"font-size: medium;\">Die Terminbest\u00e4tigung sowie die Tickets erhalten Sie demn\u00e4chst via E-Mail.<\/span><\/h4>\n<p><strong><\/strong><\/p>\n<h4 style=\"text-align: center;\"><strong><span style=\"font-size: medium;\">Wir freuen uns auf Ihren Besuch <\/span><\/strong><span style=\"font-size: medium;\">auf dem Freigel\u00e4nde der BEA, Stand F5 005, Bernexpo Bern.<\/span><\/h4>\n<p><span style=\"font-size: medium;\"><\/span><\/p>\n<p><span style=\"font-size: medium;\"><\/span><\/p>\n<h4 style=\"text-align: center;\"><span style=\"font-size: medium;\"><\/span><\/h4>\n<h4 style=\"text-align: center;\"><span style=\"font-size: medium;\"><\/span><\/h4>\n<h4 style=\"text-align: center;\"><span style=\"font-size: medium;\">Team Velopa<\/span><\/h4>\n<p>[\/et_pb_text][et_pb_image src=\u201chttps:\/\/www.velopa.ch\/wp-content\/uploads\/2026\/03\/BEA_2026_mit_Datum_rot.png\u201d alt=\u201cLogo <span class=\"caps\">BEA<\/span>\u201d align=\u201ccenter\u201d src_tablet=\u201chttps:\/\/www.velopa.ch\/wp-content\/uploads\/2026\/03\/BEA_2026_mit_Datum_rot.png\u201d src_phone=\u201chttps:\/\/www.velopa.ch\/wp-content\/uploads\/2026\/03\/BEA_2026_mit_Datum_rot.png\u201d src_last_edited=\u201con|phone\u201d align_tablet=\u201ccenter\u201d align_phone=\u201ccenter\u201d align_last_edited=\u201con|phone\u201d disabled_on=\u201coff|off|off\u201d _builder_version=\u201c4.27.6\u201d _module_preset=\u201cdefault\u201d width=\u201c100%\u201d max_width=\u201c28%\u201d max_width_tablet=\u201c52%\u201d max_width_phone=\u201c72%\u201d max_width_last_edited=\u201con|phone\u201d module_alignment=\u201ccenter\u201d custom_margin=\u201c0px|1px||||\u201d custom_margin_tablet=\u201d|1px||||\u201d custom_margin_phone=\u201d|1px||||\u201d custom_margin_last_edited=\u201con|tablet\u201d custom_padding=\u201c0px||||false|false\u201d module_alignment_last_edited=\u201coff|desktop\u201d global_colors_info=\u201d{}\u201d][\/et_pb_image][\/et_pb_column][\/et_pb_row][\/et_pb_section]<\/p>\n","protected":false},"excerpt":{"rendered":"<p>Herz\u00adli\u00adchen Dank f\u00fcr Ihre Ticket\u00adbe\u00adstel\u00adlung und die Ter\u00admin\u00adbu\u00adchung f\u00fcr die <span class=\"caps\">BEA<\/span> 2026. Die Ter\u00admin\u00adbe\u00adst\u00e4\u00adti\u00adgung sowie die Tickets erhal\u00adten Sie dem\u00adn\u00e4chst via E\u2011Mail.&nbsp;Wir freuen uns auf Ihren Besuch auf dem Frei\u00adge\u00adl\u00e4nde der <span class=\"caps\">BEA<\/span>, Stand <span class=\"caps\">F5<\/span> 005, Ber\u00adnexpo Bern. Team Velopa<\/p>\n","protected":false},"author":39,"featured_media":0,"parent":0,"menu_order":0,"comment_status":"closed","ping_status":"closed","template":"","meta":{"_acf_changed":false,"_et_pb_use_builder":"on","_et_pb_old_content":"","_et_gb_content_width":"","wp_typography_post_enhancements_disabled":false,"footnotes":""},"class_list":["post-80228","page","type-page","status-publish","hentry"],"acf":[],"yoast_head":"<!-- This site is optimized with the Yoast SEO plugin v27.2 - https:\/\/yoast.com\/product\/yoast-seo-wordpress\/ -->\n<title>Best\u00e4tigung Beratungsgespr\u00e4ch BEA - Velopa Schweiz<\/title>\n<meta name=\"robots\" content=\"index, follow, max-snippet:-1, max-image-preview:large, max-video-preview:-1\" \/>\n<link rel=\"canonical\" href=\"https:\/\/www.velopa.ch\/de\/bea-2026-bestaetigung\/\" \/>\n<meta property=\"og:locale\" content=\"de_DE\" \/>\n<meta property=\"og:type\" content=\"article\" \/>\n<meta property=\"og:title\" content=\"Best\u00e4tigung Beratungsgespr\u00e4ch BEA - Velopa Schweiz\" \/>\n<meta property=\"og:description\" content=\"Herzlichen Dank f\u00fcr Ihre Ticketbestellung und die Terminbuchung f\u00fcr die BEA 2026. Die Terminbest\u00e4tigung sowie die Tickets erhalten Sie demn\u00e4chst via E-Mail. \u00a0 Wir freuen uns auf Ihren Besuch auf dem Freigel\u00e4nde der BEA, Stand F5 005, Bernexpo Bern. Team Velopa\" \/>\n<meta property=\"og:url\" content=\"https:\/\/www.velopa.ch\/de\/bea-2026-bestaetigung\/\" \/>\n<meta property=\"og:site_name\" content=\"Velopa Schweiz\" \/>\n<meta property=\"article:modified_time\" content=\"2026-04-15T10:12:47+00:00\" \/>\n<meta name=\"twitter:card\" content=\"summary_large_image\" \/>\n<meta name=\"twitter:label1\" content=\"Gesch\u00e4tzte Lesezeit\" \/>\n\t<meta name=\"twitter:data1\" content=\"1\u00a0Minute\" \/>\n<script type=\"application\/ld+json\" class=\"yoast-schema-graph\">{\"@context\":\"https:\/\/schema.org\",\"@graph\":[{\"@type\":\"WebPage\",\"@id\":\"https:\/\/www.velopa.ch\/de\/bea-2026-bestaetigung\/\",\"url\":\"https:\/\/www.velopa.ch\/de\/bea-2026-bestaetigung\/\",\"name\":\"Best\u00e4tigung Beratungsgespr\u00e4ch BEA - Velopa Schweiz\",\"isPartOf\":{\"@id\":\"https:\/\/www.velopa.ch\/de\/#website\"},\"datePublished\":\"2026-04-14T16:47:42+00:00\",\"dateModified\":\"2026-04-15T10:12:47+00:00\",\"breadcrumb\":{\"@id\":\"https:\/\/www.velopa.ch\/de\/bea-2026-bestaetigung\/#breadcrumb\"},\"inLanguage\":\"de\",\"potentialAction\":[{\"@type\":\"ReadAction\",\"target\":[\"https:\/\/www.velopa.ch\/de\/bea-2026-bestaetigung\/\"]}]},{\"@type\":\"BreadcrumbList\",\"@id\":\"https:\/\/www.velopa.ch\/de\/bea-2026-bestaetigung\/#breadcrumb\",\"itemListElement\":[{\"@type\":\"ListItem\",\"position\":1,\"name\":\"Home\",\"item\":\"https:\/\/www.velopa.ch\/de\/\"},{\"@type\":\"ListItem\",\"position\":2,\"name\":\"Best\u00e4tigung Beratungsgespr\u00e4ch BEA\"}]},{\"@type\":\"WebSite\",\"@id\":\"https:\/\/www.velopa.ch\/de\/#website\",\"url\":\"https:\/\/www.velopa.ch\/de\/\",\"name\":\"Velopa Schweiz\",\"description\":\"Professionelle Veloparkier- , \u00dcberdachungs- und Absperrsysteme\",\"potentialAction\":[{\"@type\":\"SearchAction\",\"target\":{\"@type\":\"EntryPoint\",\"urlTemplate\":\"https:\/\/www.velopa.ch\/de\/?s={search_term_string}\"},\"query-input\":{\"@type\":\"PropertyValueSpecification\",\"valueRequired\":true,\"valueName\":\"search_term_string\"}}],\"inLanguage\":\"de\"}]}<\/script>\n<!-- \/ Yoast SEO plugin. -->","yoast_head_json":{"title":"Best\u00e4tigung Beratungsgespr\u00e4ch BEA - Velopa Schweiz","robots":{"index":"index","follow":"follow","max-snippet":"max-snippet:-1","max-image-preview":"max-image-preview:large","max-video-preview":"max-video-preview:-1"},"canonical":"https:\/\/www.velopa.ch\/de\/bea-2026-bestaetigung\/","og_locale":"de_DE","og_type":"article","og_title":"Best\u00e4tigung Beratungsgespr\u00e4ch BEA - Velopa Schweiz","og_description":"Herzlichen Dank f\u00fcr Ihre Ticketbestellung und die Terminbuchung f\u00fcr die BEA 2026. Die Terminbest\u00e4tigung sowie die Tickets erhalten Sie demn\u00e4chst via E-Mail. \u00a0 Wir freuen uns auf Ihren Besuch auf dem Freigel\u00e4nde der BEA, Stand F5 005, Bernexpo Bern. Team Velopa","og_url":"https:\/\/www.velopa.ch\/de\/bea-2026-bestaetigung\/","og_site_name":"Velopa Schweiz","article_modified_time":"2026-04-15T10:12:47+00:00","twitter_card":"summary_large_image","twitter_misc":{"Gesch\u00e4tzte Lesezeit":"1\u00a0Minute"},"schema":{"@context":"https:\/\/schema.org","@graph":[{"@type":"WebPage","@id":"https:\/\/www.velopa.ch\/de\/bea-2026-bestaetigung\/","url":"https:\/\/www.velopa.ch\/de\/bea-2026-bestaetigung\/","name":"Best\u00e4tigung Beratungsgespr\u00e4ch BEA - Velopa Schweiz","isPartOf":{"@id":"https:\/\/www.velopa.ch\/de\/#website"},"datePublished":"2026-04-14T16:47:42+00:00","dateModified":"2026-04-15T10:12:47+00:00","breadcrumb":{"@id":"https:\/\/www.velopa.ch\/de\/bea-2026-bestaetigung\/#breadcrumb"},"inLanguage":"de","potentialAction":[{"@type":"ReadAction","target":["https:\/\/www.velopa.ch\/de\/bea-2026-bestaetigung\/"]}]},{"@type":"BreadcrumbList","@id":"https:\/\/www.velopa.ch\/de\/bea-2026-bestaetigung\/#breadcrumb","itemListElement":[{"@type":"ListItem","position":1,"name":"Home","item":"https:\/\/www.velopa.ch\/de\/"},{"@type":"ListItem","position":2,"name":"Best\u00e4tigung Beratungsgespr\u00e4ch BEA"}]},{"@type":"WebSite","@id":"https:\/\/www.velopa.ch\/de\/#website","url":"https:\/\/www.velopa.ch\/de\/","name":"Velopa Schweiz","description":"Professionelle Veloparkier- , \u00dcberdachungs- und Absperrsysteme","potentialAction":[{"@type":"SearchAction","target":{"@type":"EntryPoint","urlTemplate":"https:\/\/www.velopa.ch\/de\/?s={search_term_string}"},"query-input":{"@type":"PropertyValueSpecification","valueRequired":true,"valueName":"search_term_string"}}],"inLanguage":"de"}]}},"_links":{"self":[{"href":"https:\/\/www.velopa.ch\/de\/wp-json\/wp\/v2\/pages\/80228","targetHints":{"allow":["GET"]}}],"collection":[{"href":"https:\/\/www.velopa.ch\/de\/wp-json\/wp\/v2\/pages"}],"about":[{"href":"https:\/\/www.velopa.ch\/de\/wp-json\/wp\/v2\/types\/page"}],"author":[{"embeddable":true,"href":"https:\/\/www.velopa.ch\/de\/wp-json\/wp\/v2\/users\/39"}],"replies":[{"embeddable":true,"href":"https:\/\/www.velopa.ch\/de\/wp-json\/wp\/v2\/comments?post=80228"}],"version-history":[{"count":3,"href":"https:\/\/www.velopa.ch\/de\/wp-json\/wp\/v2\/pages\/80228\/revisions"}],"predecessor-version":[{"id":80241,"href":"https:\/\/www.velopa.ch\/de\/wp-json\/wp\/v2\/pages\/80228\/revisions\/80241"}],"wp:attachment":[{"href":"https:\/\/www.velopa.ch\/de\/wp-json\/wp\/v2\/media?parent=80228"}],"curies":[{"name":"wp","href":"https:\/\/api.w.org\/{rel}","templated":true}]}}