{"id":79936,"date":"2026-04-10T07:13:25","date_gmt":"2026-04-10T05:13:25","guid":{"rendered":"https:\/\/www.velopa.ch\/?page_id=79936"},"modified":"2026-04-16T09:13:53","modified_gmt":"2026-04-16T07:13:53","slug":"creators-circle-aussenraum","status":"publish","type":"page","link":"https:\/\/www.velopa.ch\/de\/creators-circle-aussenraum\/","title":{"rendered":"Creator's Circle Aussenraum"},"content":{"rendered":"<p>[et_pb_section fb_built=\u201c1\u201d admin_label=\u201csection\u201d _builder_version=\u201c4.16\u201d global_colors_info=\u201d{}\u201d][et_pb_row admin_label=\u201crow\u201d _builder_version=\u201c4.16\u201d background_size=\u201cinitial\u201d background_position=\u201ctop_left\u201d background_repeat=\u201crepeat\u201d global_colors_info=\u201d{}\u201d][et_pb_column type=\u201c4_4\u201d _builder_version=\u201c4.16\u201d custom_padding=\u201d|||\u201d global_colors_info=\u201d{}\u201d custom_padding__hover=\u201d|||\u201d][et_pb_image src=\u201chttps:\/\/www.velopa.ch\/wp-content\/uploads\/2026\/04\/CC-Aussenraum_Header\u20113.jpg\u201d title_text=\u201cCC-Aussenraum_Header\u201d align=\u201ccenter\u201d _builder_version=\u201c4.27.6\u201d _module_preset=\u201cdefault\u201d global_colors_info=\u201d{}\u201d][\/et_pb_image][\/et_pb_column][\/et_pb_row][\/et_pb_section][et_pb_section fb_built=\u201c1\u201d _builder_version=\u201c4.27.6\u201d _module_preset=\u201cdefault\u201d custom_margin=\u201d-100px||||false|false\u201d global_colors_info=\u201d{}\u201d][et_pb_row _builder_version=\u201c4.27.4\u201d _module_preset=\u201cdefault\u201d global_colors_info=\u201d{}\u201d][et_pb_column type=\u201c4_4\u201d _builder_version=\u201c4.27.4\u201d _module_preset=\u201cdefault\u201d global_colors_info=\u201d{}\u201d][et_pb_text _builder_version=\u201c4.27.6\u201d _module_preset=\u201cdefault\u201d global_colors_info=\u201d{}\u201d]<\/p>\n<h1 style=\"text-align: center;\"><strong>Creator's Circle - Aussenraum<\/strong><\/h1>\n<p>[\/et_pb_text][et_pb_text _builder_version=\u201c4.27.6\u201d _module_preset=\u201cdefault\u201d global_colors_info=\u201d{}\u201d]<\/p>\n<p data-path-to-node=\"12\"><b data-path-to-node=\"12\" data-index-in-node=\"0\">Lebens\u00adwerte St\u00e4dte gestal\u00adten: R\u00fcck\u00adblick auf den Creator\u2019s Circle<\/b><\/p>\n<p data-path-to-node=\"13\">Wie sieht die Stadt der Zukunft aus? Unter dem Leit\u00adthema der \u201eAuf\u00adent\u00adhalts\u00adqua\u00adli\u00adt\u00e4t im Aus\u00adsen\u00adraum\u201c suchte der <i data-path-to-node=\"13\" data-index-in-node=\"108\">Creator\u2019s Cir\u00adcle<\/i> am 31. August 2022 nach Ant\u00adwor\u00adten. In Zei\u00adten von wach\u00adsen\u00adden Bev\u00f6l\u00adke\u00adrungs\u00adzah\u00adlen und einem sp\u00fcr\u00adba\u00adren Kli\u00adma\u00adwan\u00addel wird die Gestal\u00adtung unse\u00adrer \u00f6ffent\u00adli\u00adchen R\u00e4ume immer mehr zum Schl\u00fcs\u00adsel f\u00fcr das gesell\u00adschaft\u00adli\u00adche Wohlbefinden.<\/p>\n<p data-path-to-node=\"14\">Die Exper\u00adten\u00adrunde war sich einig: Moderne Stadt\u00adpla\u00adnung muss mehr leis\u00adten, als nur Ver\u00adkehrs\u00adfl\u00e4\u00adchen zu ver\u00adwal\u00adten. Es geht darum, tech\u00adni\u00adsche L\u00f6sun\u00adgen wie das Schwamm\u00adstadt-Prin\u00adzip naht\u00adlos mit \u00e4sthe\u00adti\u00adschen und sozia\u00adlen Anspr\u00fc\u00adchen zu ver\u00adbin\u00adden. Durch gezielte Stadt\u00adbe\u00adgr\u00fc\u00adnung (\u201eGo Green\u201c), cha\u00adrak\u00adter\u00adstar\u00adkes Stadt\u00admo\u00adbi\u00adliar und den bewuss\u00adten Mut zur Reduk\u00adtion ent\u00adste\u00adhen hit\u00adze\u00adre\u00adsi\u00adli\u00adente Orte, an denen Men\u00adschen sich gerne auf\u00adhal\u00adten. Im Kern steht die Her\u00adaus\u00adfor\u00adde\u00adrung, den Stadt\u00adraum an \u00f6ko\u00adlo\u00adgi\u00adsche Not\u00adwen\u00addig\u00adkei\u00adten und indi\u00advi\u00addu\u00adelle Bed\u00fcrf\u00adnisse anzu\u00adpas\u00adsen \u2013 und dabei eine unver\u00adwech\u00adsel\u00adbare lokale Iden\u00adti\u00adt\u00e4t zu bewahren.<\/p>\n<p>[\/et_pb_text][et_pb_divider color=\u201c<span class=\"caps\">RGBA<\/span>(255,255,255,0)\u201d _builder_version=\u201c4.27.6\u201d _module_preset=\u201cdefault\u201d global_colors_info=\u201d{}\u201d][\/et_pb_divider][et_pb_gallery gallery_ids=\u201c79944,79946,79948,79950\u201d show_title_and_caption=\u201coff\u201d show_pagination=\u201coff\u201d _builder_version=\u201c4.27.6\u201d _module_preset=\u201cdefault\u201d global_colors_info=\u201d{}\u201d][\/et_pb_gallery][\/et_pb_column][\/et_pb_row][\/et_pb_section][et_pb_section fb_built=\u201c1\u201d _builder_version=\u201c4.27.6\u201d _module_preset=\u201cdefault\u201d custom_margin=\u201d-50px||||false|false\u201d locked=\u201coff\u201d global_colors_info=\u201d{}\u201d][et_pb_row _builder_version=\u201c4.27.4\u201d _module_preset=\u201cdefault\u201d global_colors_info=\u201d{}\u201d][et_pb_column type=\u201c4_4\u201d _builder_version=\u201c4.27.4\u201d _module_preset=\u201cdefault\u201d global_colors_info=\u201d{}\u201d][et_pb_text _builder_version=\u201c4.27.6\u201d _module_preset=\u201cdefault\u201d global_colors_info=\u201d{}\u201d]<\/p>\n<h2 style=\"text-align: center;\">Themen und Referenten<\/h2>\n<p>[\/et_pb_text][et_pb_divider _builder_version=\u201c4.27.6\u201d _module_preset=\u201cdefault\u201d global_colors_info=\u201d{}\u201d][\/et_pb_divider][\/et_pb_column][\/et_pb_row][et_pb_row column_structure=\u201c1_3,1_3,1_3\u201d _builder_version=\u201c4.27.4\u201d _module_preset=\u201cdefault\u201d global_colors_info=\u201d{}\u201d][et_pb_column type=\u201c1_3\u201d _builder_version=\u201c4.27.4\u201d _module_preset=\u201cdefault\u201d global_colors_info=\u201d{}\u201d][et_pb_testimonial author=\u201cSascha Ber\u00adger\u201d company_name=\u201cVelopa <span class=\"caps\">AG<\/span>\u201d _builder_version=\u201c4.27.6\u201d _module_preset=\u201cdefault\u201d global_colors_info=\u201d{}\u201d]<\/p>\n<p><strong>Mega\u00adtrends und Aus\u00adsen\u00adraum-Kon\u00adzepte<br><\/strong><br>Velopa zeigt auf, wie glo\u00adbale Mega\u00adtrends wie die \u201eNeo-\u00d6ko\u00adlo\u00adgie\u201c und \u201eMobi\u00adli\u00adt\u00e4t\u201c die Anfor\u00adde\u00adrun\u00adgen an den Aus\u00adsen\u00adraum ver\u00ad\u00e4n\u00addern. Am Bei\u00adspiel der \u201eSuper\u00adblocks\u201c in Bar\u00adce\u00adlona wird illus\u00adtriert, wie Stadt\u00adfl\u00e4\u00adchen zuguns\u00adten der Lebens\u00adqua\u00adli\u00adt\u00e4t trans\u00adfor\u00admiert wer\u00adden k\u00f6n\u00adnen, wobei das eigene Mobi\u00adliar-Kon\u00adzept V\u2011<span class=\"caps\">ELEMENTS<\/span>\u00ae dar\u00adauf abzielt, diese moder\u00adnen urba\u00adnen Lebens\u00adfor\u00admen fle\u00adxi\u00adbel zu unterst\u00fctzen.<\/p>\n<p>[\/et_pb_testimonial][\/et_pb_column][et_pb_column type=\u201c1_3\u201d _builder_version=\u201c4.27.4\u201d _module_preset=\u201cdefault\u201d global_colors_info=\u201d{}\u201d][et_pb_testimonial author=\u201cDaniel Hun\u00adzi\u00adker\u201d company_name=\u201c<span class=\"caps\">DHDI<\/span>\u201d _builder_version=\u201c4.27.6\u201d _module_preset=\u201cdefault\u201d hover_enabled=\u201c0\u201d global_colors_info=\u201d{}\u201d sticky_enabled=\u201c0\u201d]<\/p>\n<p data-path-to-node=\"0\"><span data-path-to-node=\"6,1,0,2\"><span class=\"citation-81\"><strong>Stadt\u00admo\u00adbi\u00adliar heute und mor\u00adgen<br><\/strong><br>Stadt\u00admo\u00adbi\u00adliar sollte kein rei\u00adnes Inge\u00adnieurs\u00adpro\u00addukt sein, son\u00addern als iden\u00adti\u00adt\u00e4ts\u00adstif\u00adten\u00addes Ele\u00adment zwi\u00adschen Volk und Archi\u00adtek\u00adtur fun\u00adgie\u00adren<\/span><\/span><span data-path-to-node=\"6,1,0,4\">. Daniel <\/span><span data-path-to-node=\"6,1,0,6\"><span class=\"citation-80\">Hun\u00adzi\u00adker pl\u00e4\u00addiert f\u00fcr einen \u201eJapa\u00adni\u00adschen Ansatz\u201c \u2013 die Reduk\u00adtion auf die Essenz und den Mut zur Leere im Raum \u2013, um hoch\u00adwer\u00adtige Lebens\u00adr\u00e4ume zu schaf\u00adfen, die sch\u00f6n altern und funk\u00adtio\u00adnale Bed\u00fcrf\u00adnisse mit \u00e4sthe\u00adti\u00adschem Anspruch ver\u00adbin\u00adden<\/span><\/span><span data-path-to-node=\"6,1,0,8\">.&nbsp;<\/span><\/p>\n<p><\/p>\n<p>[\/et_pb_testimonial][\/et_pb_column][et_pb_column type=\u201c1_3\u201d _builder_version=\u201c4.27.4\u201d _module_preset=\u201cdefault\u201d global_colors_info=\u201d{}\u201d][et_pb_testimonial aut\u00adhor=\u201d Sil\u00advan Dur\u00adscher\u201d company_name=\u201cGr\u00fcn Stadt Z\u00fcrich\u201d _builder_version=\u201c4.27.6\u201d _module_preset=\u201cdefault\u201d hover_enabled=\u201c0\u201d global_colors_info=\u201d{}\u201d sticky_enabled=\u201c0\u201d]<\/p>\n<p data-path-to-node=\"0\"><span data-path-to-node=\"6,1,0,2\"><span class=\"citation-81\"><strong>Go Green \u2013 Pflan\u00adzen pr\u00e4\u00adgen die Stadt<br><\/strong><br><\/span><\/span>Ange\u00adsichts stei\u00adgen\u00adder Hit\u00adze\u00adtage und eines erwar\u00adte\u00adten Bev\u00f6l\u00adke\u00adrungs\u00adwachs\u00adtums von 25% bis 2040 setzt Z\u00fcrich auf Kon\u00adzepte wie die \u201eFach\u00adpla\u00adnung Stadt\u00adb\u00e4ume\u201c und das \u201eSchwamm\u00adstadt-Prin\u00adzip\u201c. Ziel ist es, durch gezielte Beschat\u00adtung, Ent\u00adsie\u00adge\u00adlung und die F\u00f6r\u00adde\u00adrung der Bio\u00addi\u00adver\u00adsi\u00adt\u00e4t die Auf\u00adent\u00adhalts\u00adqua\u00adli\u00adt\u00e4t mess\u00adbar zu stei\u00adgern, wie Pra\u00adxis\u00adbei\u00adspiele vom Koch-Park bis zum \u00dcer\u00adland\u00adpark zei\u00adgen.<span data-path-to-node=\"6,1,0,8\">.<\/span><\/p>\n<p>[\/et_pb_testimonial][\/et_pb_column][\/et_pb_row][\/et_pb_section][et_pb_section fb_built=\u201c1\u201d custom_padding_last_edited=\u201con|tablet\u201d admin_label=\u201cVorlage down\u00adload Modul <span class=\"caps\">DE<\/span>\u201d module_id=\u201cow_fix_height_234\u201d _builder_version=\u201c4.16\u201d custom_padding=\u201c60px|0px|60px|0px\u201d custom_padding_tablet=\u201c0px|||\u201d custom_padding_phone=\u201c20px|||\u201d locked=\u201coff\u201d global_colors_info=\u201d{}\u201d][et_pb_row column_structure=\u201c1_4,3_4\u201d padding_mobile=\u201coff\u201d column_padding_mobile=\u201con\u201d admin_label=\u201crow\u201d _builder_version=\u201c4.16\u201d background_size=\u201cinitial\u201d background_position=\u201ctop_left\u201d background_repeat=\u201crepeat\u201d custom_margin_tablet=\u201c70px|||\u201d custom_margin_phone=\u201c90px|||\u201d custom_margin_last_edited=\u201con|phone\u201d custom_padding=\u201c0px|0px|0px|0px\u201d global_colors_info=\u201d{}\u201d][et_pb_column type=\u201c1_4\u201d module_class=\u201cow_remove_bottom_margin\u201d _builder_version=\u201c4.16\u201d custom_padding=\u201d|||\u201d global_colors_info=\u201d{}\u201d custom_padding__hover=\u201d|||\u201d][et_pb_blurb title=\u201cDownloads\u201d image=\u201chttps:\/\/www.velopa.ch\/wp-content\/uploads\/2021\/03\/download.png\u201d image_icon_width=\u201c58%\u201d admin_label=\u201cInformationstext\u201d _builder_version=\u201c4.16\u201d header_font_size=\u201c17px\u201d background_color=\u201d#eaeaea\u201d background_size=\u201cinitial\u201d background_position=\u201ctop_left\u201d background_repeat=\u201crepeat\u201d text_orientation=\u201ccenter\u201d custom_padding=\u201c48px|25px|35px|25px\u201d animation=\u201coff\u201d image_max_width=\u201c58%\u201d global_colors_info=\u201d{}\u201d][\/et_pb_blurb][\/et_pb_column][et_pb_column type=\u201c3_4\u201d _builder_version=\u201c4.16\u201d custom_padding=\u201d|||\u201d global_colors_info=\u201d{}\u201d custom_padding__hover=\u201d|||\u201d][et_pb_tabs admin_label=\u201cRegisterkarte\u201d _builder_version=\u201c4.27.6\u201d tab_font_size=\u201c15px\u201d use_border_color=\u201coff\u201d border_color=\u201d#ffffff\u201d border_style=\u201csolid\u201d global_colors_info=\u201d{}\u201d][et_pb_tab title=\u201d-\u201d _builder_version=\u201c4.27.6\u201d _module_preset=\u201cdefault\u201d global_colors_info=\u201d{}\u201d]<\/p>\n<h5>Lei\u00adder sind keine Pr\u00e4\u00adsen\u00adta\u00adtio\u00adnen erh\u00e4ltlich<\/h5>\n<p>[\/et_pb_tab][\/et_pb_tabs][\/et_pb_column][\/et_pb_row][\/et_pb_section][et_pb_section fb_built=\u201c1\u201d custom_padding_last_edited=\u201con|desktop\u201d admin_label=\u201cFooter Icons <span class=\"caps\">DE<\/span>\u201d module_id=\u201cow_fix_height_234\u201d _builder_version=\u201c4.6.1\u201d custom_margin_tablet=\u201d\u201d custom_margin_phone=\u201c0px||0px|\u201d custom_margin_last_edited=\u201con|desktop\u201d custom_padding=\u201c60px|0px|60px|0px\u201d custom_padding_tablet=\u201c70px|||\u201d custom_padding_phone=\u201c14px||60px|\u201d global_module=\u201c6378\u201d locked=\u201coff\u201d global_colors_info=\u201d{}\u201d][et_pb_row column_structure=\u201c1_4,1_4,1_4,1_4\u201d custom_padding_last_edited=\u201con|phone\u201d admin_label=\u201crow\u201d _builder_version=\u201c4.27.4\u201d background_size=\u201cinitial\u201d background_position=\u201ctop_left\u201d background_repeat=\u201crepeat\u201d custom_margin_tablet=\u201d\u201d custom_margin_phone=\u201c0px||0px|\u201d custom_margin_last_edited=\u201con|desktop\u201d custom_padding=\u201c0px|0px|0px|0px\u201d custom_padding_tablet=\u201d\u201d custom_padding_phone=\u201d\u201d global_colors_info=\u201d{}\u201d][et_pb_column type=\u201c1_4\u201d _builder_version=\u201c4.16\u201d custom_padding=\u201d|||\u201d global_colors_info=\u201d{}\u201d custom_padding__hover=\u201d|||\u201d][et_pb_blurb title=\u201d\u25ba L\u00f6sun\u00adgen\u201d image=\u201chttps:\/\/www.velopa.ch\/wp-content\/uploads\/2021\/03\/iconall.png\u201d image_icon_width=\u201c60%\u201d image_icon_width_tablet=\u201d\u201d image_icon_width_phone=\u201c50%\u201d image_icon_width_last_edited=\u201con|desktop\u201d module_class=\u201cow_clickable_box\u201d _builder_version=\u201c4.16\u201d header_font_size=\u201c17px\u201d body_line_height=\u201c1em\u201d background_color=\u201d#eaeaea\u201d background_size=\u201cinitial\u201d background_position=\u201ctop_left\u201d background_repeat=\u201crepeat\u201d text_orientation=\u201ccenter\u201d custom_padding=\u201c45px|25px|35px|25px\u201d custom_padding_tablet=\u201d||32px|\u201d custom_padding_phone=\u201d\u201d custom_padding_last_edited=\u201con|tablet\u201d animation=\u201coff\u201d image_max_width=\u201c60%\u201d image_max_width_tablet=\u201d\u201d image_max_width_phone=\u201c50%\u201d image_max_width_last_edited=\u201con|desktop\u201d global_colors_info=\u201d{}\u201d]<\/p>\n<p><a href=\"https:\/\/www.velopa.ch\/de\/loesungen\/\">link<\/a><\/p>\n<p>[\/et_pb_blurb][\/et_pb_column][et_pb_column type=\u201c1_4\u201d _builder_version=\u201c4.16\u201d custom_padding=\u201d|||\u201d global_colors_info=\u201d{}\u201d custom_padding__hover=\u201d|||\u201d][et_pb_blurb title=\u201d\u25ba Kon\u00adtakt\u201d image=\u201chttps:\/\/www.velopa.ch\/wp-content\/uploads\/2021\/03\/kontakt.png\u201d image_icon_width=\u201c60%\u201d image_icon_width_tablet=\u201d\u201d image_icon_width_phone=\u201c50%\u201d image_icon_width_last_edited=\u201con|phone\u201d module_class=\u201cow_clickable_box\u201d _builder_version=\u201c4.16\u201d header_font_size=\u201c17px\u201d body_line_height=\u201c1em\u201d background_color=\u201d#eaeaea\u201d background_size=\u201cinitial\u201d background_position=\u201ctop_left\u201d background_repeat=\u201crepeat\u201d text_orientation=\u201ccenter\u201d custom_padding=\u201c45px|25px|35px|25px\u201d custom_padding_tablet=\u201d||32px|\u201d custom_padding_phone=\u201d\u201d custom_padding_last_edited=\u201con|phone\u201d animation=\u201coff\u201d image_max_width=\u201c60%\u201d image_max_width_tablet=\u201d\u201d image_max_width_phone=\u201c50%\u201d image_max_width_last_edited=\u201con|phone\u201d global_colors_info=\u201d{}\u201d]<\/p>\n<p class=\"et-fb-mce-line-break-holder\" style=\"text-align: center;\"><a href=\"https:\/\/www.velopa.ch\/de\/kontakt\/\">link<\/a><\/p>\n<p>[\/et_pb_blurb][\/et_pb_column][et_pb_column type=\u201c1_4\u201d _builder_version=\u201c4.16\u201d custom_padding=\u201d|||\u201d global_colors_info=\u201d{}\u201d custom_padding__hover=\u201d|||\u201d][et_pb_blurb title=\u201d\u25ba Pers. Bera\u00adtung\u201d image=\u201chttps:\/\/www.velopa.ch\/wp-content\/uploads\/2021\/03\/persoenliche-beratung.png\u201d image_icon_width=\u201c60%\u201d image_icon_width_tablet=\u201d\u201d image_icon_width_phone=\u201c50%\u201d image_icon_width_last_edited=\u201con|phone\u201d module_class=\u201cow_clickable_box\u201d _builder_version=\u201c4.16\u201d header_font_size=\u201c17px\u201d body_line_height=\u201c1em\u201d background_color=\u201d#eaeaea\u201d background_size=\u201cinitial\u201d background_position=\u201ctop_left\u201d background_repeat=\u201crepeat\u201d text_orientation=\u201ccenter\u201d custom_padding=\u201c45px|25px|35px|25px\u201d custom_padding_tablet=\u201d||32px|\u201d custom_padding_phone=\u201d||32px|\u201d custom_padding_last_edited=\u201con|phone\u201d animation=\u201coff\u201d image_max_width=\u201c60%\u201d image_max_width_tablet=\u201d\u201d image_max_width_phone=\u201c50%\u201d image_max_width_last_edited=\u201con|phone\u201d global_colors_info=\u201d{}\u201d]<\/p>\n<p class=\"et-fb-mce-line-break-holder\" style=\"text-align: center;\"><a href=\"https:\/\/www.velopa.ch\/de\/kontakt\/#persoenliche-beratung\">link<\/a><\/p>\n<p>[\/et_pb_blurb][\/et_pb_column][et_pb_column type=\u201c1_4\u201d _builder_version=\u201c4.27.4\u201d _module_preset=\u201cdefault\u201d global_colors_info=\u201d{}\u201d][et_pb_blurb title=\u201d\u25ba Kata\u00adlog\u201d image=\u201chttps:\/\/www.velopa.ch\/wp-content\/uploads\/2021\/03\/katalog.png\u201d image_icon_width=\u201c60%\u201d image_icon_width_tablet=\u201d\u201d image_icon_width_phone=\u201c50%\u201d image_icon_width_last_edited=\u201con|phone\u201d module_class=\u201cow_clickable_box\u201d _builder_version=\u201c4.16\u201d header_font_size=\u201c17px\u201d body_line_height=\u201c1em\u201d background_color=\u201d#eaeaea\u201d background_size=\u201cinitial\u201d background_position=\u201ctop_left\u201d background_repeat=\u201crepeat\u201d text_orientation=\u201ccenter\u201d custom_padding=\u201c45px|25px|35px|25px\u201d custom_padding_tablet=\u201d||32px|\u201d custom_padding_phone=\u201d\u201d custom_padding_last_edited=\u201con|phone\u201d animation=\u201coff\u201d use_border_color=\u201coff\u201d border_color=\u201d#ffffff\u201d border_style=\u201csolid\u201d image_max_width=\u201c60%\u201d image_max_width_tablet=\u201d\u201d image_max_width_phone=\u201c50%\u201d image_max_width_last_edited=\u201con|phone\u201d global_colors_info=\u201d{}\u201d]<\/p>\n<p class=\"et-fb-mce-line-break-holder\" style=\"text-align: center;\"><a href=\"https:\/\/www.velopa.ch\/de\/kataloge\/\">link<\/a><\/p>\n<p>[\/et_pb_blurb][\/et_pb_column][\/et_pb_row][\/et_pb_section]<\/p>\n","protected":false},"excerpt":{"rendered":"<p>Creator\u2019s Cir\u00adcle \u2013 Aus\u00adsen\u00adraum\u00adLe\u00adbens\u00adwerte St\u00e4dte gestal\u00adten: R\u00fcck\u00adblick auf den Creator\u2019s Cir\u00adcle Wie sieht die Stadt der Zukunft aus? Unter dem Leit\u00adthema der \u201eAuf\u00adent\u00adhalts\u00adqua\u00adli\u00adt\u00e4t im Aus\u00adsen\u00adraum\u201c suchte der Creator\u2019s Cir\u00adcle am 31. August 2022 nach Ant\u00adwor\u00adten. In Zei\u00adten von wach\u00adsen\u00adden Bev\u00f6l\u00adke\u00adrungs\u00adzah\u00adlen und einem sp\u00fcr\u00adba\u00adren Kli\u00adma\u00adwan\u00addel wird die Gestal\u00adtung unse\u00adrer \u00f6ffent\u00adli\u00adchen R\u00e4ume immer mehr zum Schl\u00fcs\u00adsel&nbsp;f\u00fcr&nbsp;[\u2026]<\/p>\n","protected":false},"author":38,"featured_media":0,"parent":0,"menu_order":0,"comment_status":"closed","ping_status":"closed","template":"","meta":{"_acf_changed":false,"_et_pb_use_builder":"on","_et_pb_old_content":"","_et_gb_content_width":"","wp_typography_post_enhancements_disabled":false,"footnotes":""},"class_list":["post-79936","page","type-page","status-publish","hentry"],"acf":[],"yoast_head":"<!-- This site is optimized with the Yoast SEO plugin v27.2 - https:\/\/yoast.com\/product\/yoast-seo-wordpress\/ -->\n<title>Creator&#039;s Circle Aussenraum - Velopa Schweiz<\/title>\n<meta name=\"description\" content=\"Durch das Zusammenspiel von gezielter Stadtbegr\u00fcnung, identit\u00e4tsstiftendem Stadtmobiliar und dem Mut zur Reduktion Orte geschaffen werden k\u00f6nnen, die mehr sind als reine Verkehrsfl\u00e4chen.\" \/>\n<meta name=\"robots\" content=\"index, follow, max-snippet:-1, max-image-preview:large, max-video-preview:-1\" \/>\n<link rel=\"canonical\" href=\"https:\/\/www.velopa.ch\/de\/creators-circle-aussenraum\/\" \/>\n<meta property=\"og:locale\" content=\"de_DE\" \/>\n<meta property=\"og:type\" content=\"article\" \/>\n<meta property=\"og:title\" content=\"Creator&#039;s Circle Aussenraum - Velopa Schweiz\" \/>\n<meta property=\"og:description\" content=\"Durch das Zusammenspiel von gezielter Stadtbegr\u00fcnung, identit\u00e4tsstiftendem Stadtmobiliar und dem Mut zur Reduktion Orte geschaffen werden k\u00f6nnen, die mehr sind als reine Verkehrsfl\u00e4chen.\" \/>\n<meta property=\"og:url\" content=\"https:\/\/www.velopa.ch\/de\/creators-circle-aussenraum\/\" \/>\n<meta property=\"og:site_name\" content=\"Velopa Schweiz\" \/>\n<meta property=\"article:modified_time\" content=\"2026-04-16T07:13:53+00:00\" \/>\n<meta name=\"twitter:card\" content=\"summary_large_image\" \/>\n<meta name=\"twitter:label1\" content=\"Gesch\u00e4tzte Lesezeit\" \/>\n\t<meta name=\"twitter:data1\" content=\"4\u00a0Minuten\" \/>\n<script type=\"application\/ld+json\" class=\"yoast-schema-graph\">{\"@context\":\"https:\/\/schema.org\",\"@graph\":[{\"@type\":\"WebPage\",\"@id\":\"https:\/\/www.velopa.ch\/de\/creators-circle-aussenraum\/\",\"url\":\"https:\/\/www.velopa.ch\/de\/creators-circle-aussenraum\/\",\"name\":\"Creator's Circle Aussenraum - Velopa Schweiz\",\"isPartOf\":{\"@id\":\"https:\/\/www.velopa.ch\/de\/#website\"},\"datePublished\":\"2026-04-10T05:13:25+00:00\",\"dateModified\":\"2026-04-16T07:13:53+00:00\",\"description\":\"Durch das Zusammenspiel von gezielter Stadtbegr\u00fcnung, identit\u00e4tsstiftendem Stadtmobiliar und dem Mut zur Reduktion Orte geschaffen werden k\u00f6nnen, die mehr sind als reine Verkehrsfl\u00e4chen.\",\"breadcrumb\":{\"@id\":\"https:\/\/www.velopa.ch\/de\/creators-circle-aussenraum\/#breadcrumb\"},\"inLanguage\":\"de\",\"potentialAction\":[{\"@type\":\"ReadAction\",\"target\":[\"https:\/\/www.velopa.ch\/de\/creators-circle-aussenraum\/\"]}]},{\"@type\":\"BreadcrumbList\",\"@id\":\"https:\/\/www.velopa.ch\/de\/creators-circle-aussenraum\/#breadcrumb\",\"itemListElement\":[{\"@type\":\"ListItem\",\"position\":1,\"name\":\"Home\",\"item\":\"https:\/\/www.velopa.ch\/de\/\"},{\"@type\":\"ListItem\",\"position\":2,\"name\":\"Creator&#8217;s Circle Aussenraum\"}]},{\"@type\":\"WebSite\",\"@id\":\"https:\/\/www.velopa.ch\/de\/#website\",\"url\":\"https:\/\/www.velopa.ch\/de\/\",\"name\":\"Velopa Schweiz\",\"description\":\"Professionelle Veloparkier- , \u00dcberdachungs- und Absperrsysteme\",\"potentialAction\":[{\"@type\":\"SearchAction\",\"target\":{\"@type\":\"EntryPoint\",\"urlTemplate\":\"https:\/\/www.velopa.ch\/de\/?s={search_term_string}\"},\"query-input\":{\"@type\":\"PropertyValueSpecification\",\"valueRequired\":true,\"valueName\":\"search_term_string\"}}],\"inLanguage\":\"de\"}]}<\/script>\n<!-- \/ Yoast SEO plugin. -->","yoast_head_json":{"title":"Creator's Circle Aussenraum - Velopa Schweiz","description":"Durch das Zusammenspiel von gezielter Stadtbegr\u00fcnung, identit\u00e4tsstiftendem Stadtmobiliar und dem Mut zur Reduktion Orte geschaffen werden k\u00f6nnen, die mehr sind als reine Verkehrsfl\u00e4chen.","robots":{"index":"index","follow":"follow","max-snippet":"max-snippet:-1","max-image-preview":"max-image-preview:large","max-video-preview":"max-video-preview:-1"},"canonical":"https:\/\/www.velopa.ch\/de\/creators-circle-aussenraum\/","og_locale":"de_DE","og_type":"article","og_title":"Creator's Circle Aussenraum - Velopa Schweiz","og_description":"Durch das Zusammenspiel von gezielter Stadtbegr\u00fcnung, identit\u00e4tsstiftendem Stadtmobiliar und dem Mut zur Reduktion Orte geschaffen werden k\u00f6nnen, die mehr sind als reine Verkehrsfl\u00e4chen.","og_url":"https:\/\/www.velopa.ch\/de\/creators-circle-aussenraum\/","og_site_name":"Velopa Schweiz","article_modified_time":"2026-04-16T07:13:53+00:00","twitter_card":"summary_large_image","twitter_misc":{"Gesch\u00e4tzte Lesezeit":"4\u00a0Minuten"},"schema":{"@context":"https:\/\/schema.org","@graph":[{"@type":"WebPage","@id":"https:\/\/www.velopa.ch\/de\/creators-circle-aussenraum\/","url":"https:\/\/www.velopa.ch\/de\/creators-circle-aussenraum\/","name":"Creator's Circle Aussenraum - Velopa Schweiz","isPartOf":{"@id":"https:\/\/www.velopa.ch\/de\/#website"},"datePublished":"2026-04-10T05:13:25+00:00","dateModified":"2026-04-16T07:13:53+00:00","description":"Durch das Zusammenspiel von gezielter Stadtbegr\u00fcnung, identit\u00e4tsstiftendem Stadtmobiliar und dem Mut zur Reduktion Orte geschaffen werden k\u00f6nnen, die mehr sind als reine Verkehrsfl\u00e4chen.","breadcrumb":{"@id":"https:\/\/www.velopa.ch\/de\/creators-circle-aussenraum\/#breadcrumb"},"inLanguage":"de","potentialAction":[{"@type":"ReadAction","target":["https:\/\/www.velopa.ch\/de\/creators-circle-aussenraum\/"]}]},{"@type":"BreadcrumbList","@id":"https:\/\/www.velopa.ch\/de\/creators-circle-aussenraum\/#breadcrumb","itemListElement":[{"@type":"ListItem","position":1,"name":"Home","item":"https:\/\/www.velopa.ch\/de\/"},{"@type":"ListItem","position":2,"name":"Creator&#8217;s Circle Aussenraum"}]},{"@type":"WebSite","@id":"https:\/\/www.velopa.ch\/de\/#website","url":"https:\/\/www.velopa.ch\/de\/","name":"Velopa Schweiz","description":"Professionelle Veloparkier- , \u00dcberdachungs- und Absperrsysteme","potentialAction":[{"@type":"SearchAction","target":{"@type":"EntryPoint","urlTemplate":"https:\/\/www.velopa.ch\/de\/?s={search_term_string}"},"query-input":{"@type":"PropertyValueSpecification","valueRequired":true,"valueName":"search_term_string"}}],"inLanguage":"de"}]}},"_links":{"self":[{"href":"https:\/\/www.velopa.ch\/de\/wp-json\/wp\/v2\/pages\/79936","targetHints":{"allow":["GET"]}}],"collection":[{"href":"https:\/\/www.velopa.ch\/de\/wp-json\/wp\/v2\/pages"}],"about":[{"href":"https:\/\/www.velopa.ch\/de\/wp-json\/wp\/v2\/types\/page"}],"author":[{"embeddable":true,"href":"https:\/\/www.velopa.ch\/de\/wp-json\/wp\/v2\/users\/38"}],"replies":[{"embeddable":true,"href":"https:\/\/www.velopa.ch\/de\/wp-json\/wp\/v2\/comments?post=79936"}],"version-history":[{"count":3,"href":"https:\/\/www.velopa.ch\/de\/wp-json\/wp\/v2\/pages\/79936\/revisions"}],"predecessor-version":[{"id":80266,"href":"https:\/\/www.velopa.ch\/de\/wp-json\/wp\/v2\/pages\/79936\/revisions\/80266"}],"wp:attachment":[{"href":"https:\/\/www.velopa.ch\/de\/wp-json\/wp\/v2\/media?parent=79936"}],"curies":[{"name":"wp","href":"https:\/\/api.w.org\/{rel}","templated":true}]}}