{"id":57816,"date":"2021-06-25T10:29:27","date_gmt":"2021-06-25T08:29:27","guid":{"rendered":"https:\/\/www.velopa.ch\/?page_id=57816"},"modified":"2021-07-08T11:21:48","modified_gmt":"2021-07-08T09:21:48","slug":"kontakt-pu","status":"publish","type":"page","link":"https:\/\/www.velopa.ch\/de\/kontakt-pu\/","title":{"rendered":"Kontakt PU"},"content":{"rendered":"<p>[et_pb_section fb_built=\u201c1\u201d custom_padding_last_edited=\u201con|tablet\u201d admin_label=\u201csection\u201d _builder_version=\u201c3.22\u201d custom_padding=\u201c28px|0px|14px|0px\u201d custom_padding_tablet=\u201d\u201d custom_padding_phone=\u201c\u201d][et_pb_row column_padding_mobile=\u201con\u201d custom_padding_last_edited=\u201con|phone\u201d admin_label=\u201crow\u201d _builder_version=\u201c3.25\u201d background_size=\u201cinitial\u201d background_position=\u201ctop_left\u201d background_repeat=\u201crepeat\u201d custom_margin_tablet=\u201d|||\u201d custom_margin_phone=\u201d\u201d custom_margin_last_edited=\u201con|tablet\u201d custom_padding=\u201c0px|0px|0px|0px\u201d custom_padding_tablet=\u201d\u201d custom_padding_phone=\u201c\u201d][et_pb_column type=\u201c4_4\u201d _builder_version=\u201c3.25\u201d custom_padding=\u201d|||\u201d custom_padding__hover=\u201d|||\u201d][et_pb_image src=\u201chttps:\/\/www.velopa.ch\/wp-content\/uploads\/2017\/06\/persoenliche-beratung-danke.jpg\u201d align_tablet=\u201ccenter\u201d align_phone=\u201d\u201d align_last_edited=\u201con|desktop\u201d admin_label=\u201cBild\u201d _builder_version=\u201c3.23\u201d custom_margin=\u201c0px|0px|0px|0px\u201d custom_margin_tablet=\u201d\u201d custom_margin_phone=\u201d\u201d custom_margin_last_edited=\u201con|phone\u201d custom_css_main_element=\u201cborder: 1px solid #eaeaea;\u201d animation=\u201coff\u201d][\/et_pb_image][\/et_pb_column][\/et_pb_row][\/et_pb_section][et_pb_section fb_built=\u201c1\u201d custom_padding_last_edited=\u201con|desktop\u201d admin_label=\u201csection\u201d _builder_version=\u201c3.22\u201d custom_padding=\u201c14px||14px|\u201d custom_padding_tablet=\u201d\u201d custom_padding_phone=\u201c\u201d][et_pb_row column_padding_mobile=\u201con\u201d custom_padding_last_edited=\u201con|phone\u201d admin_label=\u201crow\u201d _builder_version=\u201c3.25\u201d background_size=\u201cinitial\u201d background_position=\u201ctop_left\u201d background_repeat=\u201crepeat\u201d custom_margin_tablet=\u201d\u201d custom_margin_phone=\u201d\u201d custom_margin_last_edited=\u201con|desktop\u201d custom_padding=\u201c30px|50px|40px|50px\u201d custom_padding_tablet=\u201d\u201d custom_padding_phone=\u201d|25px||25px\u201d custom_css_main_element=\u201cborder: 1px solid #eaeaea;\u201d][et_pb_column type=\u201c4_4\u201d _builder_version=\u201c3.25\u201d custom_padding=\u201d|||\u201d custom_padding__hover=\u201d|||\u201d][et_pb_text _builder_version=\u201c3.27.4\u201d background_size=\u201cinitial\u201d background_position=\u201ctop_left\u201d background_repeat=\u201crepeat\u201d custom_margin_phone=\u201d|30px||30px\u201d use_border_color=\u201coff\u201d border_color=\u201d#ffffff\u201d border_style=\u201csolid\u201d]<\/p>\n<h1 style=\"padding-bottom: 0px; background-color: #ffffff; color: #052433; font-weight: 500; line-height: 1.2em; font-family: CamphorStd-Bold, Helvetica, Arial, sans-serif !important; text-align: center;\">Haben Sie Fragen zum Produkt?<\/h1>\n<p>[\/et_pb_text][\/et_pb_column][\/et_pb_row][\/et_pb_section][et_pb_section fb_built=\u201c1\u201d module_id=\u201cow_fix_height_399\u201d _builder_version=\u201c3.22\u201d custom_padding=\u201c14px||14px|\u201d][et_pb_row column_structure=\u201c1_3,2_3\u201d _builder_version=\u201c3.25\u201d custom_margin=\u201c0px||0px|\u201d custom_padding=\u201c0px||0px|\u201d][et_pb_column type=\u201c1_3\u201d module_class=\u201cow_mobile_insert_after\u201d _builder_version=\u201c3.25\u201d custom_padding=\u201d|||\u201d custom_padding__hover=\u201d|||\u201d][et_pb_blurb title=\u201cVelopa <span class=\"caps\">AG<\/span>\u201d image=\u201chttps:\/\/www.velopa.ch\/wp-content\/uploads\/2016\/12\/iconnew.png\u201d _builder_version=\u201c4.9.2\u201d header_font_size=\u201c17\u201d background_color=\u201d#eaeaea\u201d background_size=\u201cinitial\u201d background_position=\u201ctop_left\u201d background_repeat=\u201crepeat\u201d text_orientation=\u201ccenter\u201d max_width_tablet=\u201c50px\u201d custom_padding=\u201c30px|30px|15px|30px\u201d animation=\u201coff\u201d]&nbsp;<\/p>\n<p style=\"text-align: center;\">Lim\u00admat\u00adstrasse 2<br> <span class=\"caps\">CH-8957<\/span> Spreitenbach<br>\n<a href=\"tel:+41 (56) 417 94 10\">+41 (56) 417 94&nbsp;10<\/a><br>\n<a href=\"mailto:pu@velopa.ch\" target=\"_blank\" rel=\"noopener noreferrer\">pu@velopa.ch<\/a><\/p>\n<p>[\/et_pb_blurb][\/et_pb_column][et_pb_column type=\u201c2_3\u201d module_class=\u201cow_mobile_insert_before ow_remove_bottom_margin\u201d _builder_version=\u201c3.25\u201d custom_padding=\u201d|||\u201d custom_padding__hover=\u201d|||\u201d][et_pb_map address=\u201cLimmatstrasse 2, 8957 Sprei\u00adten\u00adbach, Switz\u00ader\u00adland\u201d zoom_level=\u201c14\u201d address_lat=\u201c47.42891078678739\u201d address_lng=\u201c8.373803100555394\u201d admin_label=\u201cMap Sprei\u00adten\u00adbach\u201d _builder_version=\u201c3.0.91\u201d][et_pb_map_pin title=\u201cVelopa <span class=\"caps\">AG<\/span>\u201d pin_address=\u201cLimmatstrasse 2, 8957 Sprei\u00adten\u00adbach, Schweiz\u201d pin_address_lat=\u201c47.4290936\u201d pin_address_lng=\u201c8.3703055\u201d _builder_version=\u201c3.0.47\u201d]<a href=\"https:\/\/goo.gl\/maps\/arpLTk5JhQE2\" target=\"_blank\" rel=\"noopener noreferrer\">Lim\u00admat\u00adstrasse 2, 8957 Sprei\u00adten\u00adbach, Schweiz<\/a>[\/et_pb_map_pin][\/et_pb_map][\/et_pb_column][\/et_pb_row][\/et_pb_section][et_pb_section fb_built=\u201c1\u201d admin_label=\u201c3 <span class=\"caps\">PU<\/span> Pers. Bera\u00adtung <span class=\"caps\">DE<\/span>\u201d module_id=\u201cow_fix_height_399\u201d _builder_version=\u201c4.9.2\u201d custom_padding=\u201c60px||14px|\u201d hover_enabled=\u201c0\u201d sticky_enabled=\u201c0\u201d global_module=\u201c57921\u201d saved_tabs=\u201call\u201d][et_pb_row column_structure=\u201c1_3,2_3\u201d _builder_version=\u201c3.25\u201d background_size=\u201cinitial\u201d background_position=\u201ctop_left\u201d background_repeat=\u201crepeat\u201d custom_padding=\u201c0px||0px|\u201d][et_pb_column type=\u201c1_3\u201d module_class=\u201cow_mobile_insert_after\u201d _builder_version=\u201c3.25\u201d custom_padding=\u201d|||\u201d custom_padding__hover=\u201d|||\u201d][et_pb_blurb title=\u201cPers\u00f6nliche Bera\u00adtung\u201d image=\u201chttps:\/\/www.velopa.ch\/wp-content\/uploads\/2021\/03\/persoenliche-beratung.png\u201d image_max_width=\u201c50%\u201d _builder_version=\u201c4.6.1\u201d header_font_size=\u201c17\u201d background_color=\u201d#eaeaea\u201d background_size=\u201cinitial\u201d background_position=\u201ctop_left\u201d background_repeat=\u201crepeat\u201d text_orientation=\u201ccenter\u201d custom_padding=\u201c30px|30px|31px|30px\u201d custom_padding_tablet=\u201d\u201d custom_padding_phone=\u201d\u201d custom_padding_last_edited=\u201con|tablet\u201d animation=\u201coff\u201d]<\/p>\n<p>Wir bera\u00adten Sie \u00fcber die zahl\u00adrei\u00adchen M\u00f6g\u00adlich\u00adkei\u00adten und Pro\u00adduk\u00adte\u00adva\u00adri\u00adan\u00adten ent\u00adwe\u00adder vor Ort oder auch in einem unse\u00adrer Aus\u00adstel\u00adlungs\u00adr\u00e4ume in Dor\u00adnach, Sprei\u00adten\u00adbach oder Vil\u00adlars-Ste-Croix. Mel\u00adden Sie sich noch heute f\u00fcr eine per\u00ads\u00f6n\u00adli\u00adche Bera\u00adtung&nbsp;an!<\/p>\n<p>[\/et_pb_blurb][\/et_pb_column][et_pb_column type=\u201c2_3\u201d module_class=\u201cow_mobile_insert_before ow_remove_bottom_margin\u201d _builder_version=\u201c3.25\u201d custom_padding=\u201d|||\u201d custom_padding__hover=\u201d|||\u201d][et_pb_text _builder_version=\u201c4.9.2\u201d background_color=\u201c#b4b4b4\u201d background_size=\u201cinitial\u201d background_position=\u201ctop_left\u201d background_repeat=\u201crepeat\u201d custom_css_main_element=\u201cpadding-top: 20px; pad\u00adding-left: 20px; pad\u00adding-right: 20px; pad\u00adding-bot\u00adtom:&nbsp;26px;\u201d]<\/p>\n<p><script src=\"\/\/app-lon04.marketo.com\/js\/forms2\/js\/forms2.min.js\"><\/script><\/p>\n<form id=\"mktoForm_2502\"><\/form>\n<p><script>MktoForms2.loadForm(\"\/\/app-lon04.marketo.com\", \"925-AYZ-922\", 2502, function(form){\n\t\t\tvar referrer = document.referrer;\n\t\t\tif(referrer != \"\"){\n\t\t\t\tform.vals({ \"source\":referrer});\n\t\t\t\t console.log('ow-referrer-added');\n\t\t\t}\t\n});<\/script><\/p>\n<p>[\/et_pb_text][\/et_pb_column][\/et_pb_row][\/et_pb_section][et_pb_section fb_built=\u201c1\u201d custom_padding_last_edited=\u201con|desktop\u201d admin_label=\u201cFooter Icons <span class=\"caps\">DE<\/span>\u201d module_id=\u201cow_fix_height_234\u201d _builder_version=\u201c4.6.1\u201d custom_margin_tablet=\u201d\u201d custom_margin_phone=\u201c0px||0px|\u201d custom_margin_last_edited=\u201con|desktop\u201d custom_padding=\u201c60px|0px|60px|0px\u201d custom_padding_tablet=\u201c70px|||\u201d custom_padding_phone=\u201c14px||60px|\u201d global_module=\u201c6378\u201d][et_pb_row column_structure=\u201c1_4,1_4,1_4,1_4\u201d custom_padding_last_edited=\u201con|phone\u201d admin_label=\u201crow\u201d _builder_version=\u201c3.25\u201d background_size=\u201cinitial\u201d background_position=\u201ctop_left\u201d background_repeat=\u201crepeat\u201d custom_margin_tablet=\u201d\u201d custom_margin_phone=\u201c0px||0px|\u201d custom_margin_last_edited=\u201con|phone\u201d custom_padding=\u201c0px|0px|0px|0px\u201d custom_padding_tablet=\u201d\u201d custom_padding_phone=\u201c\u201d][et_pb_column type=\u201c1_4\u201d _builder_version=\u201c3.25\u201d custom_padding=\u201d|||\u201d custom_padding__hover=\u201d|||\u201d][et_pb_blurb title=\u201d\u25ba L\u00f6sun\u00adgen\u201d image=\u201chttps:\/\/www.velopa.ch\/wp-content\/uploads\/2021\/03\/iconall.png\u201d image_max_width=\u201c60%\u201d image_max_width_tablet=\u201d\u201d image_max_width_phone=\u201c50%\u201d image_max_width_last_edited=\u201con|desktop\u201d module_class=\u201cow_clickable_box\u201d _builder_version=\u201c4.9.2\u201d header_font_size=\u201c17px\u201d body_line_height=\u201c1em\u201d background_color=\u201d#eaeaea\u201d background_size=\u201cinitial\u201d background_position=\u201ctop_left\u201d background_repeat=\u201crepeat\u201d text_orientation=\u201ccenter\u201d custom_padding=\u201c45px|25px|35px|25px\u201d custom_padding_tablet=\u201d||32px|\u201d custom_padding_phone=\u201d\u201d custom_padding_last_edited=\u201con|tablet\u201d animation=\u201coff\u201d]<\/p>\n<p><a href=\"https:\/\/www.velopa.ch\/de\/loesungen\/\">link<\/a><\/p>\n<p>[\/et_pb_blurb][\/et_pb_column][et_pb_column type=\u201c1_4\u201d _builder_version=\u201c3.25\u201d custom_padding=\u201d|||\u201d custom_padding__hover=\u201d|||\u201d][et_pb_blurb title=\u201d\u25ba Kon\u00adtakt\u201d image=\u201chttps:\/\/www.velopa.ch\/wp-content\/uploads\/2021\/03\/kontakt.png\u201d image_max_width=\u201c60%\u201d image_max_width_tablet=\u201d\u201d image_max_width_phone=\u201c50%\u201d image_max_width_last_edited=\u201con|phone\u201d module_class=\u201cow_clickable_box\u201d _builder_version=\u201c4.6.1\u201d header_font_size=\u201c17px\u201d body_line_height=\u201c1em\u201d background_color=\u201d#eaeaea\u201d background_size=\u201cinitial\u201d background_position=\u201ctop_left\u201d background_repeat=\u201crepeat\u201d text_orientation=\u201ccenter\u201d custom_padding=\u201c45px|25px|35px|25px\u201d custom_padding_tablet=\u201d||32px|\u201d custom_padding_phone=\u201d\u201d custom_padding_last_edited=\u201con|phone\u201d animation=\u201coff\u201d]<\/p>\n<p class=\"et-fb-mce-line-break-holder\" style=\"text-align: center;\"><a href=\"https:\/\/www.velopa.ch\/de\/kontakt\/\">link<\/a><\/p>\n<p>[\/et_pb_blurb][\/et_pb_column][et_pb_column type=\u201c1_4\u201d _builder_version=\u201c3.25\u201d custom_padding=\u201d|||\u201d custom_padding__hover=\u201d|||\u201d][et_pb_blurb title=\u201d\u25ba Pers. Bera\u00adtung\u201d image=\u201chttps:\/\/www.velopa.ch\/wp-content\/uploads\/2021\/03\/persoenliche-beratung.png\u201d image_max_width=\u201c60%\u201d image_max_width_tablet=\u201d\u201d image_max_width_phone=\u201c50%\u201d image_max_width_last_edited=\u201con|phone\u201d module_class=\u201cow_clickable_box\u201d _builder_version=\u201c4.6.1\u201d header_font_size=\u201c17px\u201d body_line_height=\u201c1em\u201d background_color=\u201d#eaeaea\u201d background_size=\u201cinitial\u201d background_position=\u201ctop_left\u201d background_repeat=\u201crepeat\u201d text_orientation=\u201ccenter\u201d custom_padding=\u201c45px|25px|35px|25px\u201d custom_padding_tablet=\u201d||32px|\u201d custom_padding_phone=\u201d||32px|\u201d custom_padding_last_edited=\u201con|phone\u201d animation=\u201coff\u201d]<\/p>\n<p class=\"et-fb-mce-line-break-holder\" style=\"text-align: center;\"><a href=\"https:\/\/www.velopa.ch\/de\/kontakt\/#persoenliche-beratung\">link<\/a><\/p>\n<p>[\/et_pb_blurb][\/et_pb_column][et_pb_column type=\u201c1_4\u201d _builder_version=\u201c3.25\u201d custom_padding=\u201d|||\u201d custom_padding__hover=\u201d|||\u201d][et_pb_blurb title=\u201d\u25ba Kata\u00adlog\u201d image=\u201chttps:\/\/www.velopa.ch\/wp-content\/uploads\/2021\/03\/katalog.png\u201d image_max_width=\u201c60%\u201d image_max_width_tablet=\u201d\u201d image_max_width_phone=\u201c50%\u201d image_max_width_last_edited=\u201con|phone\u201d module_class=\u201cow_clickable_box\u201d _builder_version=\u201c4.9.2\u201d header_font_size=\u201c17px\u201d body_line_height=\u201c1em\u201d background_color=\u201d#eaeaea\u201d background_size=\u201cinitial\u201d background_position=\u201ctop_left\u201d background_repeat=\u201crepeat\u201d text_orientation=\u201ccenter\u201d custom_padding=\u201c45px|25px|35px|25px\u201d custom_padding_tablet=\u201d||32px|\u201d custom_padding_phone=\u201d\u201d custom_padding_last_edited=\u201con|phone\u201d animation=\u201coff\u201d use_border_color=\u201coff\u201d border_color=\u201d#ffffff\u201d border_style=\u201csolid\u201d]<\/p>\n<p class=\"et-fb-mce-line-break-holder\" style=\"text-align: center;\"><a href=\"https:\/\/www.velopa.ch\/de\/kataloge\/\">link<\/a><\/p>\n<p>[\/et_pb_blurb][\/et_pb_column][\/et_pb_row][\/et_pb_section]<\/p>\n","protected":false},"excerpt":{"rendered":"<p>Haben Sie Fra\u00adgen zum Pro\u00addukt?&nbsp;Lim\u00admat\u00adstrasse 2 <span class=\"caps\">CH-8957<\/span> Sprei\u00adten\u00adbach +41 (56) 417 94 10 pu@velopa.chLimmatstrasse 2, 8957 Sprei\u00adten\u00adbach, Schwei\u00adz\u00adWir bera\u00adten Sie \u00fcber die zahl\u00adrei\u00adchen M\u00f6g\u00adlich\u00adkei\u00adten und Pro\u00adduk\u00adte\u00adva\u00adri\u00adan\u00adten ent\u00adwe\u00adder vor Ort oder auch in einem unse\u00adrer Aus\u00adstel\u00adlungs\u00adr\u00e4ume in Dor\u00adnach, Sprei\u00adten\u00adbach oder Vil\u00adlars-Ste-Croix. Mel\u00adden Sie sich noch heute f\u00fcr eine per\u00ads\u00f6n\u00adli\u00adche Bera\u00adtung an! linklinklinklink<\/p>\n","protected":false},"author":25,"featured_media":0,"parent":0,"menu_order":0,"comment_status":"closed","ping_status":"closed","template":"","meta":{"_acf_changed":false,"_et_pb_use_builder":"on","_et_pb_old_content":"","_et_gb_content_width":"","wp_typography_post_enhancements_disabled":false,"footnotes":""},"class_list":["post-57816","page","type-page","status-publish","hentry"],"acf":[],"yoast_head":"<!-- This site is optimized with the Yoast SEO plugin v27.2 - https:\/\/yoast.com\/product\/yoast-seo-wordpress\/ -->\n<title>Kontakt PU - Velopa Schweiz<\/title>\n<meta name=\"robots\" content=\"noindex, nofollow\" \/>\n<meta property=\"og:locale\" content=\"de_DE\" \/>\n<meta property=\"og:type\" content=\"article\" \/>\n<meta property=\"og:title\" content=\"Kontakt PU - Velopa Schweiz\" \/>\n<meta property=\"og:description\" content=\"Haben Sie Fragen zum Produkt? &nbsp; Limmatstrasse 2 CH-8957 Spreitenbach +41 (56) 417 94 10 pu@velopa.chLimmatstrasse 2, 8957 Spreitenbach, SchweizWir beraten Sie \u00fcber die zahlreichen M\u00f6glichkeiten und Produktevarianten entweder vor Ort oder auch in einem unserer Ausstellungsr\u00e4ume in Dornach, Spreitenbach oder Villars-Ste-Croix. Melden Sie sich noch heute f\u00fcr eine pers\u00f6nliche Beratung an! linklinklinklink\" \/>\n<meta property=\"og:url\" content=\"https:\/\/www.velopa.ch\/de\/kontakt-pu\/\" \/>\n<meta property=\"og:site_name\" content=\"Velopa Schweiz\" \/>\n<meta property=\"article:modified_time\" content=\"2021-07-08T09:21:48+00:00\" \/>\n<meta name=\"twitter:card\" content=\"summary_large_image\" \/>\n<meta name=\"twitter:label1\" content=\"Gesch\u00e4tzte Lesezeit\" \/>\n\t<meta name=\"twitter:data1\" content=\"6\u00a0Minuten\" \/>\n<script type=\"application\/ld+json\" class=\"yoast-schema-graph\">{\"@context\":\"https:\/\/schema.org\",\"@graph\":[{\"@type\":\"WebPage\",\"@id\":\"https:\/\/www.velopa.ch\/de\/kontakt-pu\/\",\"url\":\"https:\/\/www.velopa.ch\/de\/kontakt-pu\/\",\"name\":\"Kontakt PU - Velopa Schweiz\",\"isPartOf\":{\"@id\":\"https:\/\/www.velopa.ch\/de\/#website\"},\"datePublished\":\"2021-06-25T08:29:27+00:00\",\"dateModified\":\"2021-07-08T09:21:48+00:00\",\"breadcrumb\":{\"@id\":\"https:\/\/www.velopa.ch\/de\/kontakt-pu\/#breadcrumb\"},\"inLanguage\":\"de\",\"potentialAction\":[{\"@type\":\"ReadAction\",\"target\":[\"https:\/\/www.velopa.ch\/de\/kontakt-pu\/\"]}]},{\"@type\":\"BreadcrumbList\",\"@id\":\"https:\/\/www.velopa.ch\/de\/kontakt-pu\/#breadcrumb\",\"itemListElement\":[{\"@type\":\"ListItem\",\"position\":1,\"name\":\"Home\",\"item\":\"https:\/\/www.velopa.ch\/de\/\"},{\"@type\":\"ListItem\",\"position\":2,\"name\":\"Kontakt PU\"}]},{\"@type\":\"WebSite\",\"@id\":\"https:\/\/www.velopa.ch\/de\/#website\",\"url\":\"https:\/\/www.velopa.ch\/de\/\",\"name\":\"Velopa Schweiz\",\"description\":\"Professionelle Veloparkier- , \u00dcberdachungs- und Absperrsysteme\",\"potentialAction\":[{\"@type\":\"SearchAction\",\"target\":{\"@type\":\"EntryPoint\",\"urlTemplate\":\"https:\/\/www.velopa.ch\/de\/?s={search_term_string}\"},\"query-input\":{\"@type\":\"PropertyValueSpecification\",\"valueRequired\":true,\"valueName\":\"search_term_string\"}}],\"inLanguage\":\"de\"}]}<\/script>\n<!-- \/ Yoast SEO plugin. -->","yoast_head_json":{"title":"Kontakt PU - Velopa Schweiz","robots":{"index":"noindex","follow":"nofollow"},"og_locale":"de_DE","og_type":"article","og_title":"Kontakt PU - Velopa Schweiz","og_description":"Haben Sie Fragen zum Produkt? &nbsp; Limmatstrasse 2 CH-8957 Spreitenbach +41 (56) 417 94 10 pu@velopa.chLimmatstrasse 2, 8957 Spreitenbach, SchweizWir beraten Sie \u00fcber die zahlreichen M\u00f6glichkeiten und Produktevarianten entweder vor Ort oder auch in einem unserer Ausstellungsr\u00e4ume in Dornach, Spreitenbach oder Villars-Ste-Croix. Melden Sie sich noch heute f\u00fcr eine pers\u00f6nliche Beratung an! linklinklinklink","og_url":"https:\/\/www.velopa.ch\/de\/kontakt-pu\/","og_site_name":"Velopa Schweiz","article_modified_time":"2021-07-08T09:21:48+00:00","twitter_card":"summary_large_image","twitter_misc":{"Gesch\u00e4tzte Lesezeit":"6\u00a0Minuten"},"schema":{"@context":"https:\/\/schema.org","@graph":[{"@type":"WebPage","@id":"https:\/\/www.velopa.ch\/de\/kontakt-pu\/","url":"https:\/\/www.velopa.ch\/de\/kontakt-pu\/","name":"Kontakt PU - Velopa Schweiz","isPartOf":{"@id":"https:\/\/www.velopa.ch\/de\/#website"},"datePublished":"2021-06-25T08:29:27+00:00","dateModified":"2021-07-08T09:21:48+00:00","breadcrumb":{"@id":"https:\/\/www.velopa.ch\/de\/kontakt-pu\/#breadcrumb"},"inLanguage":"de","potentialAction":[{"@type":"ReadAction","target":["https:\/\/www.velopa.ch\/de\/kontakt-pu\/"]}]},{"@type":"BreadcrumbList","@id":"https:\/\/www.velopa.ch\/de\/kontakt-pu\/#breadcrumb","itemListElement":[{"@type":"ListItem","position":1,"name":"Home","item":"https:\/\/www.velopa.ch\/de\/"},{"@type":"ListItem","position":2,"name":"Kontakt PU"}]},{"@type":"WebSite","@id":"https:\/\/www.velopa.ch\/de\/#website","url":"https:\/\/www.velopa.ch\/de\/","name":"Velopa Schweiz","description":"Professionelle Veloparkier- , \u00dcberdachungs- und Absperrsysteme","potentialAction":[{"@type":"SearchAction","target":{"@type":"EntryPoint","urlTemplate":"https:\/\/www.velopa.ch\/de\/?s={search_term_string}"},"query-input":{"@type":"PropertyValueSpecification","valueRequired":true,"valueName":"search_term_string"}}],"inLanguage":"de"}]}},"_links":{"self":[{"href":"https:\/\/www.velopa.ch\/de\/wp-json\/wp\/v2\/pages\/57816","targetHints":{"allow":["GET"]}}],"collection":[{"href":"https:\/\/www.velopa.ch\/de\/wp-json\/wp\/v2\/pages"}],"about":[{"href":"https:\/\/www.velopa.ch\/de\/wp-json\/wp\/v2\/types\/page"}],"author":[{"embeddable":true,"href":"https:\/\/www.velopa.ch\/de\/wp-json\/wp\/v2\/users\/25"}],"replies":[{"embeddable":true,"href":"https:\/\/www.velopa.ch\/de\/wp-json\/wp\/v2\/comments?post=57816"}],"version-history":[{"count":2,"href":"https:\/\/www.velopa.ch\/de\/wp-json\/wp\/v2\/pages\/57816\/revisions"}],"predecessor-version":[{"id":57924,"href":"https:\/\/www.velopa.ch\/de\/wp-json\/wp\/v2\/pages\/57816\/revisions\/57924"}],"wp:attachment":[{"href":"https:\/\/www.velopa.ch\/de\/wp-json\/wp\/v2\/media?parent=57816"}],"curies":[{"name":"wp","href":"https:\/\/api.w.org\/{rel}","templated":true}]}}